{"id":2666,"date":"2018-06-14T14:44:39","date_gmt":"2018-06-14T14:44:39","guid":{"rendered":"http:\/\/www.kopka-accessories.com\/?page_id=2666"},"modified":"2025-04-13T23:53:42","modified_gmt":"2025-04-13T23:53:42","slug":"imprint-privacy-policy","status":"publish","type":"page","link":"https:\/\/www.kopka-accessories.com\/de\/imprint-privacy-policy\/","title":{"rendered":"Impressum &#038; Datenschutzerkl\u00e4rung"},"content":{"rendered":"<div class=\"wpb-content-wrapper\"><p>[vc_row][vc_column][vc_column_text css=\"\"]<strong>Impressum<\/strong><\/p>\n<p>KOPKA ACCESSORIES<\/p>\n<p>TONAK a.S.<\/p>\n<p>Zborovsk\u00e1 823<\/p>\n<p>741 01 Nov\u00fd Ji\u010d\u00edn | Czech Republic<\/p>\n<p>E-Mail: info@kopka-accessories.com[\/vc_column_text][\/vc_column][\/vc_row][vc_row gap=\"10\" equal_height=\"yes\" content_placement=\"top\"][vc_column][vc_column_text css=\"\"]<b>Datenschutzerkl\u00e4rung<\/b><\/p>\n<p>Der Schutz und die Sicherheit von pers\u00f6nlichen Daten hat bei uns eine hohe Priorit\u00e4t. Daher halten wir uns strikt an die Regeln des deutschen Bundesdatenschutzgesetzes (BDSG). Nachfolgend werden Sie dar\u00fcber informiert, welche Art von Daten erfasst und zu welchem Zweck sie erhoben werden:<\/p>\n<p>&nbsp;<\/p>\n<p id=\"u179-14\"><strong>1<\/strong><strong>. Daten\u00fcbermittlung \/Datenprotokollierung<\/strong><\/p>\n<p id=\"u179-11\">Beim Besuch dieser Seite verzeichnet der Web-Server automatisch Log-Files, die keiner bestimmten Person zugeordnet werden k\u00f6nnen. Diese Daten beinhalten z. B. den Browsertyp und -version, verwendetes Betriebssystem, Referrer URL (die zuvor besuchte Seite), IP-Adresse des anfragenden Rechners, Zugriffsdatum und -uhrzeit der Serveranfrage und die Dateianfrage des Client (Dateiname und URL). Diese Daten werden nur zum Zweck der statistischen Auswertung gesammelt. Eine Weitergabe an Dritte, zu kommerziellen oder nichtkommerziellen Zwecken, findet nicht statt.<\/p>\n<p>&nbsp;<\/p>\n<p id=\"u179-14\"><strong>2. Nutzung pers\u00f6nlicher Daten<\/strong><\/p>\n<p id=\"u179-17\">Pers\u00f6nliche Daten werden nur erhoben oder verarbeitet, wenn Sie diese Angaben freiwillig, z.B. im Rahmen einer Anfrage mitteilen. Sofern keine erforderlichen Gr\u00fcnde im Zusammenhang mit einer Gesch\u00e4ftsabwicklung bestehen, k\u00f6nnen Sie jederzeit die zuvor erteilte Genehmigung Ihrer pers\u00f6nlichen Datenspeicherung mit sofortiger Wirkung schriftlich (z.B. per E-Mail oder per Fax) widerrufen. Ihre Daten werden nicht an Dritte weitergeben, es sei denn, eine Weitergabe ist aufgrund gesetzlicher Vorschriften erforderlich.<\/p>\n<p>&nbsp;<\/p>\n<p id=\"u179-20\"><strong>3. Auskunft, \u00c4nderung und L\u00f6schung Ihrer Daten<\/strong><\/p>\n<p id=\"u179-23\">Gem\u00e4\u00df geltendem Recht k\u00f6nnen Sie jederzeit bei uns schriftlich nachfragen, ob und welche personenbezogenen Daten bei uns \u00fcber Sie gespeichert sind. Eine entsprechende Mitteilung hierzu erhalten Sie umgehend und innerhalb von 14 Tagen.<\/p>\n<p>&nbsp;<\/p>\n<p id=\"u179-26\"><strong>4. Sicherheit Ihrer Daten<\/strong><\/p>\n<p id=\"u179-29\">Ihre uns zur Verf\u00fcgung gestellten pers\u00f6nlichen Daten werden durch Ergreifung aller technischen sowie organisatorischen Sicherheitsma\u00dfnahmen so gesichert, dass sie f\u00fcr den Zugriff unberechtigter Dritter unzug\u00e4nglich sind. Bei Versendung von sehr sensiblen Daten oder Informationen ist es empfehlenswert, den Postweg zu nutzen, da eine vollst\u00e4ndige Datensicherheit per E-Mail nicht gew\u00e4hrleistet werden kann.<\/p>\n<p>&nbsp;<\/p>\n<p id=\"u179-32\"><strong>5. Cookies<\/strong><\/p>\n<p id=\"u179-35\">Auf einigen unserer Seiten verwenden wir sog. \"Session-Cookies\", um Ihnen die Nutzung unserer Webseiten zu erleichtern. Dabei handelt es sich um kleine Textdateien, die nur f\u00fcr die Dauer Ihres Besuchs unserer Webseite auf Ihrer Festplatte hinterlegt und abh\u00e4ngig von der Einstellung Ihres Browser-Programms beim Beenden des Browsers wieder gel\u00f6scht werden. Diese Cookies rufen keine auf Ihrer Festplatte \u00fcber Sie gespeicherten Informationen ab und beeintr\u00e4chtigen nicht Ihren PC oder ihre Dateien. Die meisten Browser sind so eingestellt, dass sie Cookies automatisch akzeptieren. Sie k\u00f6nnen das Speichern von Cookies jedoch deaktivieren oder ihren Browser so einstellen, dass er Sie auf die Sendung von Cookies hinweist.<\/p>\n<p><a class=\"policy_link\" href=\"http:\/\/www.kopka-accessories.com\/de\/cookie-policy\">Sie k\u00f6nnen mehr \u00fcber unsere Verwendung von Cookies in unseren Cookie-Richtlinien lesen.<\/a><\/p>\n<p>&nbsp;<\/p>\n<p id=\"u179-38\"><strong>6. \u00c4nderungen dieser Datenschutzbestimmungen<\/strong><\/p>\n<p id=\"u179-41\">Wir werden diese Richtlinien zum Schutz Ihrer pers\u00f6nlichen Daten von Zeit zu Zeit aktualisieren. Sie sollten sich diese Richtlinien gelegentlich ansehen, um auf dem Laufenden dar\u00fcber zu bleiben, wie wir Ihre Daten sch\u00fctzen und die Inhalte unserer Website stetig verbessern. Sollten wir wesentliche \u00c4nderungen bei der Sammlung, der Nutzung und\/oder der Weitergabe der uns von Ihnen zur Verf\u00fcgung gestellten personenbezogenen Daten vornehmen, werden wir Sie durch einen eindeutigen und gut sichtbaren Hinweis auf der Website darauf aufmerksam machen. Mit der Nutzung der Webseite erkl\u00e4ren Sie sich mit den Bedingungen dieser Richtlinien zum Schutz pers\u00f6nlicher Daten einverstanden.<\/p>\n<p>&nbsp;<\/p>\n<p id=\"u179-44\"><strong>7. Urheberrecht<\/strong><\/p>\n<p id=\"u179-47\">Das Layout und die Gestaltung des Angebots sowie seiner einzelnen Elemente wie Logos, Fotos usw. sind urheberrechtlich\u00a0gesch\u00fctzt. Gleiches gilt f\u00fcr die redaktionellen Beitr\u00e4ge im Einzelnen sowie ihre Auswahl und Zusammenstellung; Ver\u00e4nderungen daran d\u00fcrfen nicht vorgenommen werden. Eine \u00f6ffentliche Verwendung des Angebots darf nur\u00a0mit Zustimmung der verantwortlichen Seitenurheberinnen und -urheber erfolgen.<\/p>\n<p>&nbsp;<\/p>\n<p id=\"u179-50\"><strong>8. Links<\/strong><\/p>\n<p id=\"u179-53\">Es ist gestattet, Links zu unserer Website zu\u00a0legen.<\/p>\n<p>&nbsp;<\/p>\n<p><strong>9. E-Mail Kommunikation<\/strong><\/p>\n<p>Wenn Sie eine Bestellung bei uns aufgeben, senden wir Ihnen Transaktions-E-Mails, z. B. eine Auftragsbest\u00e4tigung oder Aktualisierungen des Bestellstatus.<\/p>\n<p>In \u00dcbereinstimmung mit deutschem Recht (UWG \u00a77, Absatz 3) behalten wir uns das Recht vor, unseren bestehenden Kunden gelegentlich E-Mails \u00fcber unsere eigenen Produkte wie z. B. zu Sales oder Ank\u00fcndigungen neuer Produkte zu senden.<\/p>\n<p>Sie k\u00f6nnen diese E-Mails jederzeit abbestellen, indem Sie auf den Link zum Abbestellen in der E-Mail klicken oder uns eine E-Mail an info@kopka-accessories.com senden.<\/p>\n<p>&nbsp;<\/p>\n<p id=\"u179-50\"><strong>10. Kopka Login System<\/strong><\/p>\n<p id=\"u179-53\">Wenn Sie (\"der Benutzer\") sich f\u00fcr das Kopka-Anmeldesystem (\"KL\") anmelden, stimmen Sie den folgenden Bedingungen zu:<\/p>\n<ul>\n<li>Um KL verwenden zu k\u00f6nnen, m\u00fcssen wir einige Daten \u00fcber den Benutzer sammeln. Wir speichern Benutzerinformationen wie E-Mail-Adressen, Benutzersprache und (verschl\u00fcsselte) Passw\u00f6rter in unserer Datenbank.<\/li>\n<li>Wir protokollieren die IP-Adresse des Benutzers bei jedem Anmeldeversuch und einmalig, wenn er dieser Richtlinie zustimmt, indem er sich f\u00fcr KL anmeldet.<\/li>\n<li>Um eine gute Benutzererfahrung zu gew\u00e4hrleisten, sammeln wir einige begrenzte Daten zum Verhalten des angemeldeten Benutzers w\u00e4hrend der Verwendung von KL. Dies beinhaltet Informationen dar\u00fcber, was der Benutzer gekauft hat und welche Produktseiten er besucht hat.<\/li>\n<\/ul>\n<p>Durch die Verwendung von KL stimmen Sie diesen Bedingungen zu. Sie k\u00f6nnen nat\u00fcrlich jederzeit eine vollst\u00e4ndige Pr\u00fcfung Ihrer gespeicherten Daten und die L\u00f6schung aller Daten auf unseren Servern innerhalb von 14 Tagen anfordern.[\/vc_column_text][\/vc_column][\/vc_row]<\/p>\n<\/div>","protected":false},"excerpt":{"rendered":"<p>[vc_row][vc_column][vc_column_text css=&#8220;&#8220;]Impressum KOPKA ACCESSORIES TONAK a.S. Zborovsk\u00e1 823 741 01 Nov\u00fd Ji\u010d\u00edn | Czech Republic E-Mail: info@kopka-accessories.com[\/vc_column_text][\/vc_column][\/vc_row][vc_row gap=&#8220;10&#8243; equal_height=&#8220;yes&#8220; content_placement=&#8220;top&#8220;][vc_column][vc_column_text css=&#8220;&#8220;]Datenschutzerkl\u00e4rung Der Schutz und die Sicherheit von pers\u00f6nlichen Daten hat bei uns eine hohe Priorit\u00e4t. Daher halten wir uns strikt an die Regeln des deutschen Bundesdatenschutzgesetzes (BDSG). Nachfolgend werden Sie dar\u00fcber informiert, welche Art von&hellip;<\/p>\n","protected":false},"author":1,"featured_media":0,"parent":0,"menu_order":0,"comment_status":"closed","ping_status":"closed","template":"","meta":{"_acf_changed":false,"footnotes":""},"class_list":["post-2666","page","type-page","status-publish","hentry"],"acf":[],"yoast_head":"<!-- This site is optimized with the Yoast SEO plugin v23.7 - https:\/\/yoast.com\/wordpress\/plugins\/seo\/ -->\n<title>Impressum &amp; Datenschutzerkl\u00e4rung - Kopka Accessories<\/title>\n<meta name=\"description\" content=\"Kopka Accessories - Impressum &amp; Datenschutzerkl\u00e4rung -\" \/>\n<meta name=\"robots\" content=\"index, follow, max-snippet:-1, max-image-preview:large, max-video-preview:-1\" \/>\n<link rel=\"canonical\" href=\"https:\/\/www.kopka-accessories.com\/de\/imprint-privacy-policy\/\" \/>\n<meta property=\"og:locale\" content=\"de_DE\" \/>\n<meta property=\"og:type\" content=\"article\" \/>\n<meta property=\"og:title\" content=\"Impressum &amp; Datenschutzerkl\u00e4rung - Kopka Accessories\" \/>\n<meta property=\"og:description\" content=\"Kopka Accessories - Impressum &amp; Datenschutzerkl\u00e4rung -\" \/>\n<meta property=\"og:url\" content=\"https:\/\/www.kopka-accessories.com\/de\/imprint-privacy-policy\/\" \/>\n<meta property=\"og:site_name\" content=\"Kopka Accessories\" \/>\n<meta property=\"article:modified_time\" content=\"2025-04-13T23:53:42+00:00\" \/>\n<meta name=\"twitter:card\" content=\"summary_large_image\" \/>\n<meta name=\"twitter:label1\" content=\"Gesch\u00e4tzte Lesezeit\" \/>\n\t<meta name=\"twitter:data1\" content=\"4\u00a0Minuten\" \/>\n<script type=\"application\/ld+json\" class=\"yoast-schema-graph\">{\"@context\":\"https:\/\/schema.org\",\"@graph\":[{\"@type\":\"WebPage\",\"@id\":\"https:\/\/www.kopka-accessories.com\/de\/imprint-privacy-policy\/\",\"url\":\"https:\/\/www.kopka-accessories.com\/de\/imprint-privacy-policy\/\",\"name\":\"Impressum & Datenschutzerkl\u00e4rung - Kopka Accessories\",\"isPartOf\":{\"@id\":\"https:\/\/www.kopka-accessories.com\/#website\"},\"datePublished\":\"2018-06-14T14:44:39+00:00\",\"dateModified\":\"2025-04-13T23:53:42+00:00\",\"description\":\"Kopka Accessories - Impressum & Datenschutzerkl\u00e4rung -\",\"breadcrumb\":{\"@id\":\"https:\/\/www.kopka-accessories.com\/de\/imprint-privacy-policy\/#breadcrumb\"},\"inLanguage\":\"de\",\"potentialAction\":[{\"@type\":\"ReadAction\",\"target\":[\"https:\/\/www.kopka-accessories.com\/de\/imprint-privacy-policy\/\"]}]},{\"@type\":\"BreadcrumbList\",\"@id\":\"https:\/\/www.kopka-accessories.com\/de\/imprint-privacy-policy\/#breadcrumb\",\"itemListElement\":[{\"@type\":\"ListItem\",\"position\":1,\"name\":\"Home\",\"item\":\"https:\/\/www.kopka-accessories.com\/de\/\"},{\"@type\":\"ListItem\",\"position\":2,\"name\":\"Impressum &#038; Datenschutzerkl\u00e4rung\"}]},{\"@type\":\"WebSite\",\"@id\":\"https:\/\/www.kopka-accessories.com\/#website\",\"url\":\"https:\/\/www.kopka-accessories.com\/\",\"name\":\"Kopka Accessories\",\"description\":\"Minimalist headwear &amp; accessories for everyday use\",\"publisher\":{\"@id\":\"https:\/\/www.kopka-accessories.com\/#organization\"},\"potentialAction\":[{\"@type\":\"SearchAction\",\"target\":{\"@type\":\"EntryPoint\",\"urlTemplate\":\"https:\/\/www.kopka-accessories.com\/?s={search_term_string}\"},\"query-input\":{\"@type\":\"PropertyValueSpecification\",\"valueRequired\":true,\"valueName\":\"search_term_string\"}}],\"inLanguage\":\"de\"},{\"@type\":\"Organization\",\"@id\":\"https:\/\/www.kopka-accessories.com\/#organization\",\"name\":\"Kopka Accessories\",\"url\":\"https:\/\/www.kopka-accessories.com\/\",\"logo\":{\"@type\":\"ImageObject\",\"inLanguage\":\"de\",\"@id\":\"https:\/\/www.kopka-accessories.com\/#\/schema\/logo\/image\/\",\"url\":\"https:\/\/www.kopka-accessories.com\/wp-content\/uploads\/2017\/06\/logo-kopka-accessories-1.png\",\"contentUrl\":\"https:\/\/www.kopka-accessories.com\/wp-content\/uploads\/2017\/06\/logo-kopka-accessories-1.png\",\"width\":640,\"height\":378,\"caption\":\"Kopka Accessories\"},\"image\":{\"@id\":\"https:\/\/www.kopka-accessories.com\/#\/schema\/logo\/image\/\"},\"sameAs\":[\"https:\/\/www.instagram.com\/kopka_accessories\/\"]}]}<\/script>\n<!-- \/ Yoast SEO plugin. -->","yoast_head_json":{"title":"Impressum & Datenschutzerkl\u00e4rung - Kopka Accessories","description":"Kopka Accessories - Impressum & Datenschutzerkl\u00e4rung -","robots":{"index":"index","follow":"follow","max-snippet":"max-snippet:-1","max-image-preview":"max-image-preview:large","max-video-preview":"max-video-preview:-1"},"canonical":"https:\/\/www.kopka-accessories.com\/de\/imprint-privacy-policy\/","og_locale":"de_DE","og_type":"article","og_title":"Impressum & Datenschutzerkl\u00e4rung - Kopka Accessories","og_description":"Kopka Accessories - Impressum & Datenschutzerkl\u00e4rung -","og_url":"https:\/\/www.kopka-accessories.com\/de\/imprint-privacy-policy\/","og_site_name":"Kopka Accessories","article_modified_time":"2025-04-13T23:53:42+00:00","twitter_card":"summary_large_image","twitter_misc":{"Gesch\u00e4tzte Lesezeit":"4\u00a0Minuten"},"schema":{"@context":"https:\/\/schema.org","@graph":[{"@type":"WebPage","@id":"https:\/\/www.kopka-accessories.com\/de\/imprint-privacy-policy\/","url":"https:\/\/www.kopka-accessories.com\/de\/imprint-privacy-policy\/","name":"Impressum & Datenschutzerkl\u00e4rung - Kopka Accessories","isPartOf":{"@id":"https:\/\/www.kopka-accessories.com\/#website"},"datePublished":"2018-06-14T14:44:39+00:00","dateModified":"2025-04-13T23:53:42+00:00","description":"Kopka Accessories - Impressum & Datenschutzerkl\u00e4rung -","breadcrumb":{"@id":"https:\/\/www.kopka-accessories.com\/de\/imprint-privacy-policy\/#breadcrumb"},"inLanguage":"de","potentialAction":[{"@type":"ReadAction","target":["https:\/\/www.kopka-accessories.com\/de\/imprint-privacy-policy\/"]}]},{"@type":"BreadcrumbList","@id":"https:\/\/www.kopka-accessories.com\/de\/imprint-privacy-policy\/#breadcrumb","itemListElement":[{"@type":"ListItem","position":1,"name":"Home","item":"https:\/\/www.kopka-accessories.com\/de\/"},{"@type":"ListItem","position":2,"name":"Impressum &#038; Datenschutzerkl\u00e4rung"}]},{"@type":"WebSite","@id":"https:\/\/www.kopka-accessories.com\/#website","url":"https:\/\/www.kopka-accessories.com\/","name":"Kopka Accessories","description":"Minimalist headwear &amp; accessories for everyday use","publisher":{"@id":"https:\/\/www.kopka-accessories.com\/#organization"},"potentialAction":[{"@type":"SearchAction","target":{"@type":"EntryPoint","urlTemplate":"https:\/\/www.kopka-accessories.com\/?s={search_term_string}"},"query-input":{"@type":"PropertyValueSpecification","valueRequired":true,"valueName":"search_term_string"}}],"inLanguage":"de"},{"@type":"Organization","@id":"https:\/\/www.kopka-accessories.com\/#organization","name":"Kopka Accessories","url":"https:\/\/www.kopka-accessories.com\/","logo":{"@type":"ImageObject","inLanguage":"de","@id":"https:\/\/www.kopka-accessories.com\/#\/schema\/logo\/image\/","url":"https:\/\/www.kopka-accessories.com\/wp-content\/uploads\/2017\/06\/logo-kopka-accessories-1.png","contentUrl":"https:\/\/www.kopka-accessories.com\/wp-content\/uploads\/2017\/06\/logo-kopka-accessories-1.png","width":640,"height":378,"caption":"Kopka Accessories"},"image":{"@id":"https:\/\/www.kopka-accessories.com\/#\/schema\/logo\/image\/"},"sameAs":["https:\/\/www.instagram.com\/kopka_accessories\/"]}]}},"_links":{"self":[{"href":"https:\/\/www.kopka-accessories.com\/de\/wp-json\/wp\/v2\/pages\/2666"}],"collection":[{"href":"https:\/\/www.kopka-accessories.com\/de\/wp-json\/wp\/v2\/pages"}],"about":[{"href":"https:\/\/www.kopka-accessories.com\/de\/wp-json\/wp\/v2\/types\/page"}],"author":[{"embeddable":true,"href":"https:\/\/www.kopka-accessories.com\/de\/wp-json\/wp\/v2\/users\/1"}],"replies":[{"embeddable":true,"href":"https:\/\/www.kopka-accessories.com\/de\/wp-json\/wp\/v2\/comments?post=2666"}],"version-history":[{"count":10,"href":"https:\/\/www.kopka-accessories.com\/de\/wp-json\/wp\/v2\/pages\/2666\/revisions"}],"predecessor-version":[{"id":6985,"href":"https:\/\/www.kopka-accessories.com\/de\/wp-json\/wp\/v2\/pages\/2666\/revisions\/6985"}],"wp:attachment":[{"href":"https:\/\/www.kopka-accessories.com\/de\/wp-json\/wp\/v2\/media?parent=2666"}],"curies":[{"name":"wp","href":"https:\/\/api.w.org\/{rel}","templated":true}]}}