{"id":2673,"date":"2018-06-29T11:29:51","date_gmt":"2018-06-29T11:29:51","guid":{"rendered":"http:\/\/www.kopka-accessories.com\/cookie-policy\/"},"modified":"2018-06-29T12:09:46","modified_gmt":"2018-06-29T12:09:46","slug":"cookie-policy","status":"publish","type":"page","link":"https:\/\/www.kopka-accessories.com\/de\/cookie-policy\/","title":{"rendered":"Cookie-Richtlinien f\u00fcr Kopka Accessories"},"content":{"rendered":"<p>Dies sind die Cookie-Richtlinien f\u00fcr Kopka Accessories, erreichbar von http:\/\/www.kopka-accessories.com<\/p>\n<h2>Cookies<\/h2>\n<p>Cookies sind Textdateien, die automatisch bei dem Aufruf einer Webseite lokal im Browser des Besuchers abgelegt werden. Diese Website setzt Cookies ein, um das Angebot nutzerfreundlich und funktionaler zu gestalten. Dank dieser Dateien ist es beispielsweise m\u00f6glich, auf individuelle Interessen abgestimmte Informationen auf einer Seite anzuzeigen. Auch Sicherheitsrelevante Funktionen zum Schutz Ihrer Privatsph\u00e4re werden durch den Einsatz von Cookies erm\u00f6glicht. Der ausschlie\u00dfliche Zweck besteht also darin, unser Angebot Ihren Kundenw\u00fcnschen bestm\u00f6glich anzupassen und die Seiten-Nutzung so komfortabel wie m\u00f6glich zu gestalten. Mit Anwendung der DSGVO 2018 sind Webmaster dazu verpflichtet, der unter https:\/\/eu-datenschutz.org\/ ver\u00f6ffentlichten Grundverordnung Folge zu leisten und seine Nutzer entsprechend \u00fcber die Erfassung und Auswertung von Daten in Kenntnis zu setzen. Die Rechtm\u00e4\u00dfigkeit der Verarbeitung ist in Kapitel 2, Artikel 6 der DSGVO begr\u00fcndet.<\/p>\n<h2>Google Analytics<\/h2>\n<p>Dieses Angebot nutzt ebenfalls den Webanalysedienst Google Analytics, ein Programm der Google Inc. (\u201eGoogle, USA\"). Die durch das Tracking erfassten Informationen zu Ihrer Nutzung dieser Website werden auf einem Server von Google in den USA gespeichert. Durch eine sogenannte IP-Anonymisierung wird Ihre IP-Adresse von Google innerhalb von Mitgliedstaaten der Europ\u00e4ischen Union oder in anderen Vertragsstaaten des Abkommens \u00fcber den Europ\u00e4ischen Wirtschaftsraum zuvor gek\u00fcrzt. Somit ist der Standort Ihres Browsers lediglich regional zuortbar, nicht aber ihrer Person. Google kann Besucherverhalten auswerten, um Reports \u00fcber die Websiteaktivit\u00e4ten zusammenzustellen. Auch weitere mit der Websitenutzung und der Internetnutzung verbundene Dienstleistungen k\u00f6nnen so gegen\u00fcber dem Websitebetreiber erbracht werden.<\/p>\n","protected":false},"excerpt":{"rendered":"<p>Dies sind die Cookie-Richtlinien f\u00fcr Kopka Accessories, erreichbar von http:\/\/www.kopka-accessories.com Cookies Cookies sind Textdateien, die automatisch bei dem Aufruf einer Webseite lokal im Browser des Besuchers abgelegt werden. Diese Website setzt Cookies ein, um das Angebot nutzerfreundlich und funktionaler zu gestalten. Dank dieser Dateien ist es beispielsweise m\u00f6glich, auf individuelle Interessen abgestimmte Informationen auf einer&hellip;<\/p>\n","protected":false},"author":1,"featured_media":0,"parent":0,"menu_order":0,"comment_status":"closed","ping_status":"closed","template":"","meta":{"_acf_changed":false,"footnotes":""},"class_list":["post-2673","page","type-page","status-publish","hentry"],"acf":[],"yoast_head":"<!-- This site is optimized with the Yoast SEO plugin v23.7 - https:\/\/yoast.com\/wordpress\/plugins\/seo\/ -->\n<title>Cookie-Richtlinien f\u00fcr Kopka Accessories - Kopka Accessories<\/title>\n<meta name=\"description\" content=\"Kopka Accessories - Cookie-Richtlinien f\u00fcr Kopka Accessories -\" \/>\n<meta name=\"robots\" content=\"index, follow, max-snippet:-1, max-image-preview:large, max-video-preview:-1\" \/>\n<link rel=\"canonical\" href=\"https:\/\/www.kopka-accessories.com\/de\/cookie-policy\/\" \/>\n<meta property=\"og:locale\" content=\"de_DE\" \/>\n<meta property=\"og:type\" content=\"article\" \/>\n<meta property=\"og:title\" content=\"Cookie-Richtlinien f\u00fcr Kopka Accessories - Kopka Accessories\" \/>\n<meta property=\"og:description\" content=\"Kopka Accessories - Cookie-Richtlinien f\u00fcr Kopka Accessories -\" \/>\n<meta property=\"og:url\" content=\"https:\/\/www.kopka-accessories.com\/de\/cookie-policy\/\" \/>\n<meta property=\"og:site_name\" content=\"Kopka Accessories\" \/>\n<meta property=\"article:modified_time\" content=\"2018-06-29T12:09:46+00:00\" \/>\n<meta name=\"twitter:card\" content=\"summary_large_image\" \/>\n<meta name=\"twitter:label1\" content=\"Gesch\u00e4tzte Lesezeit\" \/>\n\t<meta name=\"twitter:data1\" content=\"1\u00a0Minute\" \/>\n<script type=\"application\/ld+json\" class=\"yoast-schema-graph\">{\"@context\":\"https:\/\/schema.org\",\"@graph\":[{\"@type\":\"WebPage\",\"@id\":\"https:\/\/www.kopka-accessories.com\/de\/cookie-policy\/\",\"url\":\"https:\/\/www.kopka-accessories.com\/de\/cookie-policy\/\",\"name\":\"Cookie-Richtlinien f\u00fcr Kopka Accessories - Kopka Accessories\",\"isPartOf\":{\"@id\":\"https:\/\/www.kopka-accessories.com\/#website\"},\"datePublished\":\"2018-06-29T11:29:51+00:00\",\"dateModified\":\"2018-06-29T12:09:46+00:00\",\"description\":\"Kopka Accessories - Cookie-Richtlinien f\u00fcr Kopka Accessories -\",\"breadcrumb\":{\"@id\":\"https:\/\/www.kopka-accessories.com\/de\/cookie-policy\/#breadcrumb\"},\"inLanguage\":\"de\",\"potentialAction\":[{\"@type\":\"ReadAction\",\"target\":[\"https:\/\/www.kopka-accessories.com\/de\/cookie-policy\/\"]}]},{\"@type\":\"BreadcrumbList\",\"@id\":\"https:\/\/www.kopka-accessories.com\/de\/cookie-policy\/#breadcrumb\",\"itemListElement\":[{\"@type\":\"ListItem\",\"position\":1,\"name\":\"Home\",\"item\":\"https:\/\/www.kopka-accessories.com\/de\/\"},{\"@type\":\"ListItem\",\"position\":2,\"name\":\"Cookie-Richtlinien f\u00fcr Kopka Accessories\"}]},{\"@type\":\"WebSite\",\"@id\":\"https:\/\/www.kopka-accessories.com\/#website\",\"url\":\"https:\/\/www.kopka-accessories.com\/\",\"name\":\"Kopka Accessories\",\"description\":\"Minimalist headwear &amp; accessories for everyday use\",\"publisher\":{\"@id\":\"https:\/\/www.kopka-accessories.com\/#organization\"},\"potentialAction\":[{\"@type\":\"SearchAction\",\"target\":{\"@type\":\"EntryPoint\",\"urlTemplate\":\"https:\/\/www.kopka-accessories.com\/?s={search_term_string}\"},\"query-input\":{\"@type\":\"PropertyValueSpecification\",\"valueRequired\":true,\"valueName\":\"search_term_string\"}}],\"inLanguage\":\"de\"},{\"@type\":\"Organization\",\"@id\":\"https:\/\/www.kopka-accessories.com\/#organization\",\"name\":\"Kopka Accessories\",\"url\":\"https:\/\/www.kopka-accessories.com\/\",\"logo\":{\"@type\":\"ImageObject\",\"inLanguage\":\"de\",\"@id\":\"https:\/\/www.kopka-accessories.com\/#\/schema\/logo\/image\/\",\"url\":\"https:\/\/www.kopka-accessories.com\/wp-content\/uploads\/2017\/06\/logo-kopka-accessories-1.png\",\"contentUrl\":\"https:\/\/www.kopka-accessories.com\/wp-content\/uploads\/2017\/06\/logo-kopka-accessories-1.png\",\"width\":640,\"height\":378,\"caption\":\"Kopka Accessories\"},\"image\":{\"@id\":\"https:\/\/www.kopka-accessories.com\/#\/schema\/logo\/image\/\"},\"sameAs\":[\"https:\/\/www.instagram.com\/kopka_accessories\/\"]}]}<\/script>\n<!-- \/ Yoast SEO plugin. -->","yoast_head_json":{"title":"Cookie-Richtlinien f\u00fcr Kopka Accessories - Kopka Accessories","description":"Kopka Accessories - Cookie-Richtlinien f\u00fcr Kopka Accessories -","robots":{"index":"index","follow":"follow","max-snippet":"max-snippet:-1","max-image-preview":"max-image-preview:large","max-video-preview":"max-video-preview:-1"},"canonical":"https:\/\/www.kopka-accessories.com\/de\/cookie-policy\/","og_locale":"de_DE","og_type":"article","og_title":"Cookie-Richtlinien f\u00fcr Kopka Accessories - Kopka Accessories","og_description":"Kopka Accessories - Cookie-Richtlinien f\u00fcr Kopka Accessories -","og_url":"https:\/\/www.kopka-accessories.com\/de\/cookie-policy\/","og_site_name":"Kopka Accessories","article_modified_time":"2018-06-29T12:09:46+00:00","twitter_card":"summary_large_image","twitter_misc":{"Gesch\u00e4tzte Lesezeit":"1\u00a0Minute"},"schema":{"@context":"https:\/\/schema.org","@graph":[{"@type":"WebPage","@id":"https:\/\/www.kopka-accessories.com\/de\/cookie-policy\/","url":"https:\/\/www.kopka-accessories.com\/de\/cookie-policy\/","name":"Cookie-Richtlinien f\u00fcr Kopka Accessories - Kopka Accessories","isPartOf":{"@id":"https:\/\/www.kopka-accessories.com\/#website"},"datePublished":"2018-06-29T11:29:51+00:00","dateModified":"2018-06-29T12:09:46+00:00","description":"Kopka Accessories - Cookie-Richtlinien f\u00fcr Kopka Accessories -","breadcrumb":{"@id":"https:\/\/www.kopka-accessories.com\/de\/cookie-policy\/#breadcrumb"},"inLanguage":"de","potentialAction":[{"@type":"ReadAction","target":["https:\/\/www.kopka-accessories.com\/de\/cookie-policy\/"]}]},{"@type":"BreadcrumbList","@id":"https:\/\/www.kopka-accessories.com\/de\/cookie-policy\/#breadcrumb","itemListElement":[{"@type":"ListItem","position":1,"name":"Home","item":"https:\/\/www.kopka-accessories.com\/de\/"},{"@type":"ListItem","position":2,"name":"Cookie-Richtlinien f\u00fcr Kopka Accessories"}]},{"@type":"WebSite","@id":"https:\/\/www.kopka-accessories.com\/#website","url":"https:\/\/www.kopka-accessories.com\/","name":"Kopka Accessories","description":"Minimalist headwear &amp; accessories for everyday use","publisher":{"@id":"https:\/\/www.kopka-accessories.com\/#organization"},"potentialAction":[{"@type":"SearchAction","target":{"@type":"EntryPoint","urlTemplate":"https:\/\/www.kopka-accessories.com\/?s={search_term_string}"},"query-input":{"@type":"PropertyValueSpecification","valueRequired":true,"valueName":"search_term_string"}}],"inLanguage":"de"},{"@type":"Organization","@id":"https:\/\/www.kopka-accessories.com\/#organization","name":"Kopka Accessories","url":"https:\/\/www.kopka-accessories.com\/","logo":{"@type":"ImageObject","inLanguage":"de","@id":"https:\/\/www.kopka-accessories.com\/#\/schema\/logo\/image\/","url":"https:\/\/www.kopka-accessories.com\/wp-content\/uploads\/2017\/06\/logo-kopka-accessories-1.png","contentUrl":"https:\/\/www.kopka-accessories.com\/wp-content\/uploads\/2017\/06\/logo-kopka-accessories-1.png","width":640,"height":378,"caption":"Kopka Accessories"},"image":{"@id":"https:\/\/www.kopka-accessories.com\/#\/schema\/logo\/image\/"},"sameAs":["https:\/\/www.instagram.com\/kopka_accessories\/"]}]}},"_links":{"self":[{"href":"https:\/\/www.kopka-accessories.com\/de\/wp-json\/wp\/v2\/pages\/2673"}],"collection":[{"href":"https:\/\/www.kopka-accessories.com\/de\/wp-json\/wp\/v2\/pages"}],"about":[{"href":"https:\/\/www.kopka-accessories.com\/de\/wp-json\/wp\/v2\/types\/page"}],"author":[{"embeddable":true,"href":"https:\/\/www.kopka-accessories.com\/de\/wp-json\/wp\/v2\/users\/1"}],"replies":[{"embeddable":true,"href":"https:\/\/www.kopka-accessories.com\/de\/wp-json\/wp\/v2\/comments?post=2673"}],"version-history":[{"count":3,"href":"https:\/\/www.kopka-accessories.com\/de\/wp-json\/wp\/v2\/pages\/2673\/revisions"}],"predecessor-version":[{"id":2676,"href":"https:\/\/www.kopka-accessories.com\/de\/wp-json\/wp\/v2\/pages\/2673\/revisions\/2676"}],"wp:attachment":[{"href":"https:\/\/www.kopka-accessories.com\/de\/wp-json\/wp\/v2\/media?parent=2673"}],"curies":[{"name":"wp","href":"https:\/\/api.w.org\/{rel}","templated":true}]}}