{"id":2706,"date":"2018-07-31T11:31:16","date_gmt":"2018-07-31T11:31:16","guid":{"rendered":"http:\/\/www.kopka-accessories.com\/?page_id=2706"},"modified":"2025-05-23T00:57:25","modified_gmt":"2025-05-23T00:57:25","slug":"terms-conditions","status":"publish","type":"page","link":"https:\/\/www.kopka-accessories.com\/de\/terms-conditions\/","title":{"rendered":"Allgemeine Gesch\u00e4ftsbedingungen (AGB)"},"content":{"rendered":"<div class=\"wpb-content-wrapper\"><p>[vc_row][vc_column][lab_heading title=\"Allgemeine Gesch\u00e4ftsbedingungen\"][\/lab_heading][\/vc_column][\/vc_row][vc_row][vc_column][vc_column_text css=\"\"]<\/p>\n<h1><\/h1>\n<ol>\n<li style=\"text-align: left;\"><strong>Allgemeines<\/strong><\/li>\n<\/ol>\n<p>Unseren Lieferungen liegen die nachfolgenden Bedingungen zugrunde.<\/p>\n<p>Davon abweichende Bedingungen gelten nur, wenn wir diese schriftlich anerkannt haben.<\/p>\n<p>&nbsp;<\/p>\n<ol start=\"2\">\n<li><strong>Angebote<\/strong><\/li>\n<\/ol>\n<p>Unsere Angebote sind grunds\u00e4tzlich freibleibend.<\/p>\n<p>&nbsp;<\/p>\n<ol start=\"3\">\n<li><strong>Auftragsbest\u00e4tigung<\/strong><\/li>\n<\/ol>\n<p>Auftr\u00e4ge und Vereinbarungen werden erst durch unsere schriftliche Best\u00e4tigung f\u00fcr uns verbindlich.<\/p>\n<p>&nbsp;<\/p>\n<ol start=\"4\">\n<li><strong>Lieferzeit<\/strong><\/li>\n<\/ol>\n<p>Im Regelfall liefen wir prompt nach Auftragseingang oder zum vereinbarten Liefertermin. Als prompte Lieferung gilt eine Lieferung, die binnen drei Werkstagen nach Eingang des Auftrages bei uns abgeht. Sollten Artikel nicht prompt, bzw. zum vereinbarten Termin lieferbar sein, werden wir diese mit Einverst\u00e4ndnis des Kunden nachliefern oder stornieren.<\/p>\n<p>Zugesagte Lieferzeiten werden nach M\u00f6glichkeit eingehalten. Nach Ablauf der Lieferfrist gilt ohne Erkl\u00e4rung eine Nachlieferungsfrist von maximal 18 Tagen als zul\u00e4ssig. Schadensersatzanspr\u00fcche aufgrund von nicht eingehaltenen Lieferterminen sind ausgeschlossen.<\/p>\n<p>Alle durch h\u00f6here Gewalt, Arbeitskampf-Ma\u00dfnahmen, Mangel an Roh- und Hilfsstoffen oder sonstige in unserem Betrieb oder in den Zulieferbetrieben entstehenden St\u00f6rungen berechtigen uns, wahlweise die Lieferung bis nach Eintritt normaler Zust\u00e4nde hinauszuschieben oder vom Vertrag zur\u00fcckzutreten, ohne dass der K\u00e4ufer irgendwelche Anspr\u00fcche an uns geltend machen kann.<\/p>\n<p>&nbsp;<\/p>\n<ol start=\"5\">\n<li><strong>Lieferung \/ Verpackung<\/strong><\/li>\n<\/ol>\n<p>Alle Lieferungen erfolgen ab Lager tschechische Republik. Der Versand erfolgt auf Rechnung und Gefahr des K\u00e4ufers. Verpackungs-Materialien werden dem Kunden zum Selbstkostenpreis berechnet.<\/p>\n<p>&nbsp;<\/p>\n<ol start=\"6\">\n<li><strong>Zahlung<\/strong><\/li>\n<\/ol>\n<p>Unsere Rechnungen sind unmittelbar vor der Lieferung komplett zahlbar. Abweichende Vereinbarungen bed\u00fcrfen der Schriftlichkeit. Zahlungen werden stets zur Begleichung der \u00e4ltesten f\u00e4lligen Schuldposten zzgl. der darauf aufgelaufenen Verzugszinsen verwendet. Ma\u00dfgeblich f\u00fcr den Tag der Abfertigung der Zahlung ist der Postabgangsstempel. Bei Bank\u00fcberweisungen gilt der Vortag der Gutschrift auf unserem Konto als Abfertigungstag.<\/p>\n<p>&nbsp;<\/p>\n<ol start=\"7\">\n<li><strong>Bestell-Minimum<\/strong><\/li>\n<\/ol>\n<p>Das Bestell-Minimum betr\u00e4gt 150,-\u20ac Warenwert pro Lieferung.<\/p>\n<p>&nbsp;<\/p>\n<ol start=\"8\">\n<li><strong>Zahlungsverzug<\/strong><\/li>\n<\/ol>\n<p>Bei \u00dcberschreitung des Zahlungsziels werden Verzugszinsen in H\u00f6he von 3% \u00fcber Bundesbankdiskont berechnet. Einer Mahnung bedarf es nicht. Vor v\u00f6lliger Zahlung f\u00e4lliger Rechnungsbetr\u00e4ge einschlie\u00dflich Verzugszinsen ist der Verk\u00e4ufer zu keiner weiteren Lieferung aus laufenden Vertr\u00e4gen verpflichtet. Sp\u00e4testens nach erfolgloser 2. Mahnung behalten wir uns vor, ein Inkassounternehmen mit der Wahrnehmung unserer Forderungen zu betrauen und die anfallenden Kosten in Rechnung zu stellen. Auch nach Begleichung s\u00e4mtlicher Verbindlichkeiten werden weitere Belieferungen dann grunds\u00e4tzlich nur noch gegen Vorkasse ausgef\u00fchrt.<\/p>\n<p>&nbsp;<\/p>\n<ol start=\"9\">\n<li><strong>M\u00e4ngelr\u00fcge<\/strong><\/li>\n<\/ol>\n<p>Retouren ohne vorherige Autorisierung durch den Verk\u00e4ufer werden nicht angenommen: Beanstandungen m\u00fcssen innerhalb von 10 Tagen nach Empfang der Ware schriftlich bei uns geltend gemacht werden, andernfalls gilt die Ware als genehmigt. Bei verdeckten M\u00e4ngeln gilt Entsprechendes bei Erkennbarkeit des Mangels, innerhalb der gesetzlichen Gew\u00e4hrleistungsfrist von 6 Monaten ab Lieferung.<\/p>\n<p>Handels\u00fcbliche Abweichungen der Qualit\u00e4t, Farbe, Gr\u00f6\u00dfe, des Gewichts, der Ausr\u00fcstung oder des Dessins gelten nicht als Beanstandungsgr\u00fcnde. Bei berechtigter Beanstandung hat der Verk\u00e4ufer das Recht auf Nachbesserung, bzw. Lieferung mangelfreier Ersatzware binnen 10 Tagen nach R\u00fcckempfang der Ware. Sollte keine Ersatzware lieferbar sein, erfolgt eine Gutschrift des Warenwerts. Andere Anspr\u00fcche oder Ersatz eines unmittelbaren oder mittelbaren Schadens sind ausgeschlossen.<\/p>\n<p>&nbsp;<\/p>\n<ol start=\"10\">\n<li><strong>Umtausch<\/strong><\/li>\n<\/ol>\n<p>Einen Umtausch von Ware wegen Nichtgefallens oder schlechter Verk\u00e4uflichkeit schlie\u00dfen wir aus. Wir liefern generell keine Auswahlsendungen.<\/p>\n<p>&nbsp;<\/p>\n<ol start=\"11\">\n<li><strong>Eigentumsvorbehalt<\/strong><\/li>\n<\/ol>\n<p>Die gelieferte Ware bleibt bis zur restlosen Bezahlung unserer Gesamtforderung unser Eigentum. Dieser Vorbehalt bleibt auch dann wirksam, wenn die Ware verarbeitet wird und erstreckt sich dann anteilsm\u00e4\u00dfig auf das durch die Verarbeitung entstandene Produkt. Bei Ver\u00e4u\u00dferung dieser Produkte an Dritte tritt der K\u00e4ufer im Voraus seine Eigentumsrechte an diesen Produkten entsprechend dem Wertanteil unserer Forderungen an uns ab. Eine Verpf\u00e4ndung oder Sicherungs-\u00dcbereignung von Waren, die ganz oder teilweise unter unserem verl\u00e4ngerten Eigentumsvorbehalt stehen, ist dem K\u00e4ufer untersagt.<\/p>\n<p>&nbsp;<\/p>\n<ol start=\"12\">\n<li><strong>Erf\u00fcllungsort<\/strong><\/li>\n<\/ol>\n<p>Erf\u00fcllungsort f\u00fcr die Lieferung ist der Sitz des Verk\u00e4ufers, Erf\u00fcllungsort f\u00fcr die Zahlung ist tschechische Republik.<\/p>\n<p>&nbsp;<\/p>\n<ol start=\"13\">\n<li><strong>Gerichtsstand<\/strong><\/li>\n<\/ol>\n<p>Tschechische Republik[\/vc_column_text][\/vc_column][\/vc_row]<\/p>\n<\/div>","protected":false},"excerpt":{"rendered":"<p>[vc_row][vc_column][lab_heading title=&#8220;Allgemeine Gesch\u00e4ftsbedingungen&#8220;][\/lab_heading][\/vc_column][\/vc_row][vc_row][vc_column][vc_column_text css=&#8220;&#8220;] Allgemeines Unseren Lieferungen liegen die nachfolgenden Bedingungen zugrunde. Davon abweichende Bedingungen gelten nur, wenn wir diese schriftlich anerkannt haben. &nbsp; Angebote Unsere Angebote sind grunds\u00e4tzlich freibleibend. &nbsp; Auftragsbest\u00e4tigung Auftr\u00e4ge und Vereinbarungen werden erst durch unsere schriftliche Best\u00e4tigung f\u00fcr uns verbindlich. &nbsp; Lieferzeit Im Regelfall liefen wir prompt nach Auftragseingang oder zum&hellip;<\/p>\n","protected":false},"author":1,"featured_media":0,"parent":0,"menu_order":0,"comment_status":"closed","ping_status":"closed","template":"","meta":{"_acf_changed":false,"footnotes":""},"class_list":["post-2706","page","type-page","status-publish","hentry"],"acf":[],"yoast_head":"<!-- This site is optimized with the Yoast SEO plugin v23.7 - https:\/\/yoast.com\/wordpress\/plugins\/seo\/ -->\n<title>Allgemeine Gesch\u00e4ftsbedingungen (AGB) - Kopka Accessories<\/title>\n<meta name=\"description\" content=\"Kopka Accessories - Allgemeine Gesch\u00e4ftsbedingungen (AGB) -\" \/>\n<meta name=\"robots\" content=\"index, follow, max-snippet:-1, max-image-preview:large, max-video-preview:-1\" \/>\n<link rel=\"canonical\" href=\"https:\/\/www.kopka-accessories.com\/de\/terms-conditions\/\" \/>\n<meta property=\"og:locale\" content=\"de_DE\" \/>\n<meta property=\"og:type\" content=\"article\" \/>\n<meta property=\"og:title\" content=\"Allgemeine Gesch\u00e4ftsbedingungen (AGB) - Kopka Accessories\" \/>\n<meta property=\"og:description\" content=\"Kopka Accessories - Allgemeine Gesch\u00e4ftsbedingungen (AGB) -\" \/>\n<meta property=\"og:url\" content=\"https:\/\/www.kopka-accessories.com\/de\/terms-conditions\/\" \/>\n<meta property=\"og:site_name\" content=\"Kopka Accessories\" \/>\n<meta property=\"article:modified_time\" content=\"2025-05-23T00:57:25+00:00\" \/>\n<meta name=\"twitter:card\" content=\"summary_large_image\" \/>\n<meta name=\"twitter:label1\" content=\"Gesch\u00e4tzte Lesezeit\" \/>\n\t<meta name=\"twitter:data1\" content=\"3\u00a0Minuten\" \/>\n<script type=\"application\/ld+json\" class=\"yoast-schema-graph\">{\"@context\":\"https:\/\/schema.org\",\"@graph\":[{\"@type\":\"WebPage\",\"@id\":\"https:\/\/www.kopka-accessories.com\/de\/terms-conditions\/\",\"url\":\"https:\/\/www.kopka-accessories.com\/de\/terms-conditions\/\",\"name\":\"Allgemeine Gesch\u00e4ftsbedingungen (AGB) - Kopka Accessories\",\"isPartOf\":{\"@id\":\"https:\/\/www.kopka-accessories.com\/#website\"},\"datePublished\":\"2018-07-31T11:31:16+00:00\",\"dateModified\":\"2025-05-23T00:57:25+00:00\",\"description\":\"Kopka Accessories - Allgemeine Gesch\u00e4ftsbedingungen (AGB) -\",\"breadcrumb\":{\"@id\":\"https:\/\/www.kopka-accessories.com\/de\/terms-conditions\/#breadcrumb\"},\"inLanguage\":\"de\",\"potentialAction\":[{\"@type\":\"ReadAction\",\"target\":[\"https:\/\/www.kopka-accessories.com\/de\/terms-conditions\/\"]}]},{\"@type\":\"BreadcrumbList\",\"@id\":\"https:\/\/www.kopka-accessories.com\/de\/terms-conditions\/#breadcrumb\",\"itemListElement\":[{\"@type\":\"ListItem\",\"position\":1,\"name\":\"Home\",\"item\":\"https:\/\/www.kopka-accessories.com\/de\/\"},{\"@type\":\"ListItem\",\"position\":2,\"name\":\"Allgemeine Gesch\u00e4ftsbedingungen (AGB)\"}]},{\"@type\":\"WebSite\",\"@id\":\"https:\/\/www.kopka-accessories.com\/#website\",\"url\":\"https:\/\/www.kopka-accessories.com\/\",\"name\":\"Kopka Accessories\",\"description\":\"Minimalist headwear &amp; accessories for everyday use\",\"publisher\":{\"@id\":\"https:\/\/www.kopka-accessories.com\/#organization\"},\"potentialAction\":[{\"@type\":\"SearchAction\",\"target\":{\"@type\":\"EntryPoint\",\"urlTemplate\":\"https:\/\/www.kopka-accessories.com\/?s={search_term_string}\"},\"query-input\":{\"@type\":\"PropertyValueSpecification\",\"valueRequired\":true,\"valueName\":\"search_term_string\"}}],\"inLanguage\":\"de\"},{\"@type\":\"Organization\",\"@id\":\"https:\/\/www.kopka-accessories.com\/#organization\",\"name\":\"Kopka Accessories\",\"url\":\"https:\/\/www.kopka-accessories.com\/\",\"logo\":{\"@type\":\"ImageObject\",\"inLanguage\":\"de\",\"@id\":\"https:\/\/www.kopka-accessories.com\/#\/schema\/logo\/image\/\",\"url\":\"https:\/\/www.kopka-accessories.com\/wp-content\/uploads\/2017\/06\/logo-kopka-accessories-1.png\",\"contentUrl\":\"https:\/\/www.kopka-accessories.com\/wp-content\/uploads\/2017\/06\/logo-kopka-accessories-1.png\",\"width\":640,\"height\":378,\"caption\":\"Kopka Accessories\"},\"image\":{\"@id\":\"https:\/\/www.kopka-accessories.com\/#\/schema\/logo\/image\/\"},\"sameAs\":[\"https:\/\/www.instagram.com\/kopka_accessories\/\"]}]}<\/script>\n<!-- \/ Yoast SEO plugin. -->","yoast_head_json":{"title":"Allgemeine Gesch\u00e4ftsbedingungen (AGB) - Kopka Accessories","description":"Kopka Accessories - Allgemeine Gesch\u00e4ftsbedingungen (AGB) -","robots":{"index":"index","follow":"follow","max-snippet":"max-snippet:-1","max-image-preview":"max-image-preview:large","max-video-preview":"max-video-preview:-1"},"canonical":"https:\/\/www.kopka-accessories.com\/de\/terms-conditions\/","og_locale":"de_DE","og_type":"article","og_title":"Allgemeine Gesch\u00e4ftsbedingungen (AGB) - Kopka Accessories","og_description":"Kopka Accessories - Allgemeine Gesch\u00e4ftsbedingungen (AGB) -","og_url":"https:\/\/www.kopka-accessories.com\/de\/terms-conditions\/","og_site_name":"Kopka Accessories","article_modified_time":"2025-05-23T00:57:25+00:00","twitter_card":"summary_large_image","twitter_misc":{"Gesch\u00e4tzte Lesezeit":"3\u00a0Minuten"},"schema":{"@context":"https:\/\/schema.org","@graph":[{"@type":"WebPage","@id":"https:\/\/www.kopka-accessories.com\/de\/terms-conditions\/","url":"https:\/\/www.kopka-accessories.com\/de\/terms-conditions\/","name":"Allgemeine Gesch\u00e4ftsbedingungen (AGB) - Kopka Accessories","isPartOf":{"@id":"https:\/\/www.kopka-accessories.com\/#website"},"datePublished":"2018-07-31T11:31:16+00:00","dateModified":"2025-05-23T00:57:25+00:00","description":"Kopka Accessories - Allgemeine Gesch\u00e4ftsbedingungen (AGB) -","breadcrumb":{"@id":"https:\/\/www.kopka-accessories.com\/de\/terms-conditions\/#breadcrumb"},"inLanguage":"de","potentialAction":[{"@type":"ReadAction","target":["https:\/\/www.kopka-accessories.com\/de\/terms-conditions\/"]}]},{"@type":"BreadcrumbList","@id":"https:\/\/www.kopka-accessories.com\/de\/terms-conditions\/#breadcrumb","itemListElement":[{"@type":"ListItem","position":1,"name":"Home","item":"https:\/\/www.kopka-accessories.com\/de\/"},{"@type":"ListItem","position":2,"name":"Allgemeine Gesch\u00e4ftsbedingungen (AGB)"}]},{"@type":"WebSite","@id":"https:\/\/www.kopka-accessories.com\/#website","url":"https:\/\/www.kopka-accessories.com\/","name":"Kopka Accessories","description":"Minimalist headwear &amp; accessories for everyday use","publisher":{"@id":"https:\/\/www.kopka-accessories.com\/#organization"},"potentialAction":[{"@type":"SearchAction","target":{"@type":"EntryPoint","urlTemplate":"https:\/\/www.kopka-accessories.com\/?s={search_term_string}"},"query-input":{"@type":"PropertyValueSpecification","valueRequired":true,"valueName":"search_term_string"}}],"inLanguage":"de"},{"@type":"Organization","@id":"https:\/\/www.kopka-accessories.com\/#organization","name":"Kopka Accessories","url":"https:\/\/www.kopka-accessories.com\/","logo":{"@type":"ImageObject","inLanguage":"de","@id":"https:\/\/www.kopka-accessories.com\/#\/schema\/logo\/image\/","url":"https:\/\/www.kopka-accessories.com\/wp-content\/uploads\/2017\/06\/logo-kopka-accessories-1.png","contentUrl":"https:\/\/www.kopka-accessories.com\/wp-content\/uploads\/2017\/06\/logo-kopka-accessories-1.png","width":640,"height":378,"caption":"Kopka Accessories"},"image":{"@id":"https:\/\/www.kopka-accessories.com\/#\/schema\/logo\/image\/"},"sameAs":["https:\/\/www.instagram.com\/kopka_accessories\/"]}]}},"_links":{"self":[{"href":"https:\/\/www.kopka-accessories.com\/de\/wp-json\/wp\/v2\/pages\/2706"}],"collection":[{"href":"https:\/\/www.kopka-accessories.com\/de\/wp-json\/wp\/v2\/pages"}],"about":[{"href":"https:\/\/www.kopka-accessories.com\/de\/wp-json\/wp\/v2\/types\/page"}],"author":[{"embeddable":true,"href":"https:\/\/www.kopka-accessories.com\/de\/wp-json\/wp\/v2\/users\/1"}],"replies":[{"embeddable":true,"href":"https:\/\/www.kopka-accessories.com\/de\/wp-json\/wp\/v2\/comments?post=2706"}],"version-history":[{"count":10,"href":"https:\/\/www.kopka-accessories.com\/de\/wp-json\/wp\/v2\/pages\/2706\/revisions"}],"predecessor-version":[{"id":6997,"href":"https:\/\/www.kopka-accessories.com\/de\/wp-json\/wp\/v2\/pages\/2706\/revisions\/6997"}],"wp:attachment":[{"href":"https:\/\/www.kopka-accessories.com\/de\/wp-json\/wp\/v2\/media?parent=2706"}],"curies":[{"name":"wp","href":"https:\/\/api.w.org\/{rel}","templated":true}]}}