{"id":4592,"date":"2020-12-18T11:35:49","date_gmt":"2020-12-18T11:35:49","guid":{"rendered":"https:\/\/www.kopka-accessories.com\/?page_id=4592"},"modified":"2020-12-18T11:37:31","modified_gmt":"2020-12-18T11:37:31","slug":"help","status":"publish","type":"page","link":"https:\/\/www.kopka-accessories.com\/de\/help\/","title":{"rendered":"Hilfe"},"content":{"rendered":"<div class=\"khelp-anchor-copy-popup\">Link ins Clipboard kopiert!<\/div>\n<div class=\"khelp-container\">\n  <div class=\"khelp-container-title\" id=\"help-kopka-login\">\n    So verwenden Sie Kopka Login\n  <\/div>\n\n  <div class=\"khelp-section\">\n    <div class=\"khelp-anchor-link\"><\/div>\n    <div class=\"khelp-section-title\" id=\"help-request-access\">\n      Wie bekomme ich Zugang?\n    <\/div>\n    <div class=\"khelp-section-content\">\n      <p>\n        Wenn Sie professioneller H\u00e4ndler sind und Zugriff auf unser Kopka Login\n        System m\u00f6chten,\n        <a class=\"khelp-link\" href=\"..\/..\/invite-request\" target=\"_blank\" rel=\"noopener noreferrer\">k\u00f6nnen Sie eine Einladung anfragen.<\/a\n        >\n      <\/p>\n      <p>\n        Bitte fordern Sie <b>keine<\/b> neue Einladung an, wenn Sie dies bereits\n        getan haben oder schon ein Konto haben.\n      <\/p>\n    <\/div>\n  <\/div>\n\n  <div class=\"khelp-section\">\n    <div class=\"khelp-anchor-link\"><\/div>\n    <div class=\"khelp-section-title\" id=\"help-account-setup\">\n      Wie richte ich mein Konto ein?\n    <\/div>\n    <div class=\"khelp-section-content\">\n      <p>\n        Nach Best\u00e4tigung durch uns erhalten Sie eine E-Mail mit einem\n        <i>Link zur Kontoeinrichtung.<\/i>\n      <\/p>\n      <p>Bitte folgen Sie diesen Schritten:<\/p>\n      <ol>\n        <li>\n          Stellen Sie sicher, dass Ihr Browser JavaScript nicht blockiert!\n          Internet Explorer ist <b>nicht<\/b> unterst\u00fctzt! Wir empfehlen Google\n          Chrome.\n        <\/li>\n        <li>Klicken Sie in der Einladungs-E-Mail auf den Link.<\/li>\n        <li>\n          Geben Sie ein Passwort ein, das die Mindestsicherheitsanforderungen\n          erf\u00fcllt.\n        <\/li>\n        <li>\n          Stimmen Sie den Allgemeinen Gesch\u00e4ftsbedingungen sowie unseren\n          Datenschutzbestimmungen zu.\n        <\/li>\n        <li>\n          Klicken Sie auf den \"Senden\" Knopf und warten Sie einige Sekunden.\n          <b>Sie sollten jetzt bereits eingeloggt sein!<\/b>\n        <\/li>\n        <li>\n          Um festzustellen, ob Sie angemeldet sind, k\u00f6nnen Sie sehen ob in der\n          \"Kopka-Login Box\" (in der rechten oberen Ecke der Site) \"Eingeloggt\"\n          auf einem orangefarbenen Hintergrund angezeigt wird.\n        <\/li>\n      <\/ol>\n      <p>\n        Bitte beachten Sie, dass Sie Ihre E-Mail-Adresse bzw. Ihren\n        Benutzernamen derzeit <b>nicht<\/b> direkt \u00e4ndern k\u00f6nnen. Wenn Sie Ihre\n        E-Mail-Adresse \u00e4ndern m\u00fcssen, wenden Sie sich bitte direkt an uns.\n      <\/p>\n    <\/div>\n  <\/div>\n\n  <div class=\"khelp-section\">\n    <div class=\"khelp-anchor-link\"><\/div>\n    <div class=\"khelp-section-title\" id=\"help-login\">\n      Wie logge ich mich ein?\n    <\/div>\n    <div class=\"khelp-section-content\">\n      <p>\n        In der <b>rechten oberen Ecke<\/b> befindet sich die\n        <i>Kopka Login Box<\/i>.\n      <\/p>\n      <p>Sie sieht so aus, wenn Sie <b>schon eingeloggt sind<\/b>:<br \/><\/p>\n      <p>\n        <img decoding=\"async\"\n          src=\"https:\/\/www.kopka-accessories.com\/wp-content\/uploads\/2020\/12\/login-box-de-active.jpg\"\n        \/>\n      <\/p>\n      <p>Sie sieht so aus, wenn Sie <b>nicht<\/b> eingeloggt sind:<br \/><\/p>\n      <p>\n        <img decoding=\"async\"\n          src=\"https:\/\/www.kopka-accessories.com\/wp-content\/uploads\/2020\/12\/login-box-de-inactive.jpg\"\n        \/>\n      <\/p>\n      <p><b>Um sich einzuloggen:<\/b><\/p>\n      <ol>\n        <li>Klicken Sie auf die Box, um sie aufzuklappen<\/li>\n        <li>Geben Sie Ihren Benutzernamen (Email) und Ihr Passwort ein.<\/li>\n        <li>Klicken Sie auf \"Einloggen\" und warten ein paar Sekunden.<\/li>\n        <li>\n          Sie sollten nun eingeloggt sein. Wenn Sie Ihr Passwort vergessen\n          haben, k\u00f6nnen Sie es\n          <a class=\"khelp-link\" href=\"..\/..\/password-reset\" target=\"_blank\" rel=\"noopener noreferrer\">hier zur\u00fccksetzen.<\/a\n          >\n        <\/li>\n      <\/ol>\n    <\/div>\n  <\/div>\n  <div class=\"khelp-section\">\n    <div class=\"khelp-anchor-link\"><\/div>\n    <div class=\"khelp-section-title\" id=\"help-password-reset\">\n      Wie setze ich mein Passwort zur\u00fcck?\n    <\/div>\n    <div class=\"khelp-section-content\">\n      <p>\n        Wenn Sie Ihr Passwort vergessen haben, k\u00f6nnen Sie es\n        <a class=\"khelp-link\" href=\"..\/..\/password-reset\" target=\"_blank\" rel=\"noopener noreferrer\">hier manuell zur\u00fccksetzen.<\/a\n        >\n      <\/p>\n    <\/div>\n  <\/div>\n<\/div>\n\n<div class=\"khelp-container\">\n  <div class=\"khelp-container-title\" id=\"help-shopping-cart\">\n    So verwenden Sie den Einkaufswagen\n  <\/div>\n\n  <div class=\"khelp-section\">\n    <div class=\"khelp-anchor-link\"><\/div>\n    <div class=\"khelp-section-title\" id=\"help-add-products\">\n      Wie f\u00fcge ich Produkte zum Einkaufswagen hinzu?\n    <\/div>\n    <div class=\"khelp-section-content\">\n      <ol>\n        <li>\n          Navigieren Sie entweder mit dem \"St\u00f6bern\" Knopf oder \u00fcber die Men\u00fcs zu\n          Ihrem gew\u00fcnschten Produkt.\n        <\/li>\n        <li>\n          Klicken Sie auf die Farbkreise, um diese Farben in Ihren Einkaufswagen\n          zu legen.\n        <\/li>\n        <li>Zum \u00c4ndern der Mengen einfach gew\u00fcnschte Anzahl eintippen.<\/li>\n        <li>\n          Klicken Sie im Men\u00fc oben auf 'Einkaufswagen' und schicken Sie uns Ihre\n          Bestellung.\n        <\/li>\n      <\/ol>\n      <p>\n        <i\n          >Hinweis: Sie k\u00f6nnen Farben l\u00f6schen, indem Sie die Menge auf Null\n          setzen.<\/i\n        >\n      <\/p>\n      <p>\n        Bitte beachten: Zur Benutzung ben\u00f6tigen Sie einen modernen Browser wie\n        Chrome oder Firefox.\n        <br \/>Internet Explorer wird nicht unterst\u00fctzt. Javascript muss im\n        Browser aktiviert sein.\n      <\/p>\n    <\/div>\n  <\/div>\n\n  <div class=\"khelp-section\">\n    <div class=\"khelp-anchor-link\"><\/div>\n    <div class=\"khelp-section-title\" id=\"help-modify-order\">\n      Wie \u00e4ndere ich meine Bestellung?\n    <\/div>\n    <div class=\"khelp-section-content\">\n      <p>\n        Sie k\u00f6nnen Mengen \u00e4ndern, indem Sie auf die Zahl auf dem Farbkreis\n        klicken und eine andere eingeben. Geben Sie \"0\" ein, um diese Farbe zu\n        entfernen.\n      <\/p>\n      <p>\n        Wenn Sie alle Produkte aus Ihrem Warenkorb l\u00f6schen m\u00f6chten, klicken Sie\n        auf den Knopf \"Alle Produkte l\u00f6schen [X]\", wenn Sie sich auf der\n        \"Einkaufswagen\" Seite befinden.\n      <\/p>\n    <\/div>\n  <\/div>\n\n  <div class=\"khelp-section\">\n    <div class=\"khelp-anchor-link\"><\/div>\n    <div class=\"khelp-section-title\" id=\"help-send-order\">\n      Wie schicke ich meine Bestellung ab?\n    <\/div>\n    <div class=\"khelp-section-content\">\n      <p>\n        <b\n          >Hinweis: Sie m\u00fcssen nicht in \"Kopka Login\" eingeloggt sein, um Ihre\n          Bestellung abzuschicken. <br \/>\n          Wenn Sie eingeloggt sind, k\u00f6nnen Sie als zus\u00e4tzliche Funktion die\n          Produktpreise sehen.<\/b\n        >\n      <\/p>\n      <ol>\n        <li>Navigieren Sie zum 'Einkaufswagen' (oberes Men\u00fc)<\/li>\n        <ul>\n          <li>\n            Wenn Sie bereits bei uns bestellt haben: Bitte geben Sie Ihre\n            E-Mail-Adresse sowie Ihre Kundennummer oder Ihren Namen und Ihre\n            Stadt ein.<br \/>\n            E-Mail-Adresse und Kundennummer werden automatisch eingegeben, wenn\n            Sie eingeloggt sind.\n          <\/li>\n          <li>\n            Wenn Sie <b>nicht<\/b> zuvor bei uns bestellt haben: Bitte geben Sie\n            alle erforderlichen Felder ein (mit Sternchen markiert).\n          <\/li>\n        <\/ul>\n        <li>\n          Bitte geben Sie alle zus\u00e4tzlichen Nachrichten in das Feld \"Zus\u00e4tzliche\n          Nachricht\" ein, z.B.:<br \/>\n          Gew\u00fcnschtes Lieferdatum, spezielle W\u00fcnsche, etc.\n        <\/li>\n        <li>\n          Akzeptieren Sie die Allgemeinen Gesch\u00e4ftsbedingungen sowie unsere\n          Datenschutzbestimmungen.\n        <\/li>\n        <li>\n          Klicken Sie auf \"Bestellung senden\" und warten Sie einige Sekunden.\n          Sie sollten innerhalb der n\u00e4chsten Minuten eine Best\u00e4tigungs-E-Mail\n          erhalten (bitte \u00fcberpr\u00fcfen Sie auch Ihren Spam-Ordner).\n        <\/li>\n      <\/ol>\n    <\/div>\n  <\/div>\n<\/div>","protected":false},"excerpt":{"rendered":"<p>Link ins Clipboard kopiert! So verwenden Sie Kopka Login Wie bekomme ich Zugang? Wenn Sie professioneller H\u00e4ndler sind und Zugriff auf unser Kopka Login System m\u00f6chten, k\u00f6nnen Sie eine Einladung anfragen. Bitte fordern Sie keine neue Einladung an, wenn Sie dies bereits getan haben oder schon ein Konto haben. Wie richte ich mein Konto ein?&hellip;<\/p>\n","protected":false},"author":1,"featured_media":0,"parent":0,"menu_order":0,"comment_status":"closed","ping_status":"closed","template":"","meta":{"_acf_changed":false,"footnotes":""},"class_list":["post-4592","page","type-page","status-publish","hentry"],"acf":[],"yoast_head":"<!-- This site is optimized with the Yoast SEO plugin v23.7 - https:\/\/yoast.com\/wordpress\/plugins\/seo\/ -->\n<title>Hilfe - Kopka Accessories<\/title>\n<meta name=\"description\" content=\"Kopka Accessories - Hilfe -\" \/>\n<meta name=\"robots\" content=\"index, follow, max-snippet:-1, max-image-preview:large, max-video-preview:-1\" \/>\n<link rel=\"canonical\" href=\"https:\/\/www.kopka-accessories.com\/de\/help\/\" \/>\n<meta property=\"og:locale\" content=\"de_DE\" \/>\n<meta property=\"og:type\" content=\"article\" \/>\n<meta property=\"og:title\" content=\"Hilfe - Kopka Accessories\" \/>\n<meta property=\"og:description\" content=\"Kopka Accessories - Hilfe -\" \/>\n<meta property=\"og:url\" content=\"https:\/\/www.kopka-accessories.com\/de\/help\/\" \/>\n<meta property=\"og:site_name\" content=\"Kopka Accessories\" \/>\n<meta property=\"article:modified_time\" content=\"2020-12-18T11:37:31+00:00\" \/>\n<meta name=\"twitter:card\" content=\"summary_large_image\" \/>\n<meta name=\"twitter:label1\" content=\"Gesch\u00e4tzte Lesezeit\" \/>\n\t<meta name=\"twitter:data1\" content=\"3\u00a0Minuten\" \/>\n<script type=\"application\/ld+json\" class=\"yoast-schema-graph\">{\"@context\":\"https:\/\/schema.org\",\"@graph\":[{\"@type\":\"WebPage\",\"@id\":\"https:\/\/www.kopka-accessories.com\/de\/help\/\",\"url\":\"https:\/\/www.kopka-accessories.com\/de\/help\/\",\"name\":\"Hilfe - Kopka Accessories\",\"isPartOf\":{\"@id\":\"https:\/\/www.kopka-accessories.com\/#website\"},\"datePublished\":\"2020-12-18T11:35:49+00:00\",\"dateModified\":\"2020-12-18T11:37:31+00:00\",\"description\":\"Kopka Accessories - Hilfe -\",\"breadcrumb\":{\"@id\":\"https:\/\/www.kopka-accessories.com\/de\/help\/#breadcrumb\"},\"inLanguage\":\"de\",\"potentialAction\":[{\"@type\":\"ReadAction\",\"target\":[\"https:\/\/www.kopka-accessories.com\/de\/help\/\"]}]},{\"@type\":\"BreadcrumbList\",\"@id\":\"https:\/\/www.kopka-accessories.com\/de\/help\/#breadcrumb\",\"itemListElement\":[{\"@type\":\"ListItem\",\"position\":1,\"name\":\"Home\",\"item\":\"https:\/\/www.kopka-accessories.com\/de\/\"},{\"@type\":\"ListItem\",\"position\":2,\"name\":\"Hilfe\"}]},{\"@type\":\"WebSite\",\"@id\":\"https:\/\/www.kopka-accessories.com\/#website\",\"url\":\"https:\/\/www.kopka-accessories.com\/\",\"name\":\"Kopka Accessories\",\"description\":\"Minimalist headwear &amp; accessories for everyday use\",\"publisher\":{\"@id\":\"https:\/\/www.kopka-accessories.com\/#organization\"},\"potentialAction\":[{\"@type\":\"SearchAction\",\"target\":{\"@type\":\"EntryPoint\",\"urlTemplate\":\"https:\/\/www.kopka-accessories.com\/?s={search_term_string}\"},\"query-input\":{\"@type\":\"PropertyValueSpecification\",\"valueRequired\":true,\"valueName\":\"search_term_string\"}}],\"inLanguage\":\"de\"},{\"@type\":\"Organization\",\"@id\":\"https:\/\/www.kopka-accessories.com\/#organization\",\"name\":\"Kopka Accessories\",\"url\":\"https:\/\/www.kopka-accessories.com\/\",\"logo\":{\"@type\":\"ImageObject\",\"inLanguage\":\"de\",\"@id\":\"https:\/\/www.kopka-accessories.com\/#\/schema\/logo\/image\/\",\"url\":\"https:\/\/www.kopka-accessories.com\/wp-content\/uploads\/2017\/06\/logo-kopka-accessories-1.png\",\"contentUrl\":\"https:\/\/www.kopka-accessories.com\/wp-content\/uploads\/2017\/06\/logo-kopka-accessories-1.png\",\"width\":640,\"height\":378,\"caption\":\"Kopka Accessories\"},\"image\":{\"@id\":\"https:\/\/www.kopka-accessories.com\/#\/schema\/logo\/image\/\"},\"sameAs\":[\"https:\/\/www.instagram.com\/kopka_accessories\/\"]}]}<\/script>\n<!-- \/ Yoast SEO plugin. -->","yoast_head_json":{"title":"Hilfe - Kopka Accessories","description":"Kopka Accessories - Hilfe -","robots":{"index":"index","follow":"follow","max-snippet":"max-snippet:-1","max-image-preview":"max-image-preview:large","max-video-preview":"max-video-preview:-1"},"canonical":"https:\/\/www.kopka-accessories.com\/de\/help\/","og_locale":"de_DE","og_type":"article","og_title":"Hilfe - Kopka Accessories","og_description":"Kopka Accessories - Hilfe -","og_url":"https:\/\/www.kopka-accessories.com\/de\/help\/","og_site_name":"Kopka Accessories","article_modified_time":"2020-12-18T11:37:31+00:00","twitter_card":"summary_large_image","twitter_misc":{"Gesch\u00e4tzte Lesezeit":"3\u00a0Minuten"},"schema":{"@context":"https:\/\/schema.org","@graph":[{"@type":"WebPage","@id":"https:\/\/www.kopka-accessories.com\/de\/help\/","url":"https:\/\/www.kopka-accessories.com\/de\/help\/","name":"Hilfe - Kopka Accessories","isPartOf":{"@id":"https:\/\/www.kopka-accessories.com\/#website"},"datePublished":"2020-12-18T11:35:49+00:00","dateModified":"2020-12-18T11:37:31+00:00","description":"Kopka Accessories - Hilfe -","breadcrumb":{"@id":"https:\/\/www.kopka-accessories.com\/de\/help\/#breadcrumb"},"inLanguage":"de","potentialAction":[{"@type":"ReadAction","target":["https:\/\/www.kopka-accessories.com\/de\/help\/"]}]},{"@type":"BreadcrumbList","@id":"https:\/\/www.kopka-accessories.com\/de\/help\/#breadcrumb","itemListElement":[{"@type":"ListItem","position":1,"name":"Home","item":"https:\/\/www.kopka-accessories.com\/de\/"},{"@type":"ListItem","position":2,"name":"Hilfe"}]},{"@type":"WebSite","@id":"https:\/\/www.kopka-accessories.com\/#website","url":"https:\/\/www.kopka-accessories.com\/","name":"Kopka Accessories","description":"Minimalist headwear &amp; accessories for everyday use","publisher":{"@id":"https:\/\/www.kopka-accessories.com\/#organization"},"potentialAction":[{"@type":"SearchAction","target":{"@type":"EntryPoint","urlTemplate":"https:\/\/www.kopka-accessories.com\/?s={search_term_string}"},"query-input":{"@type":"PropertyValueSpecification","valueRequired":true,"valueName":"search_term_string"}}],"inLanguage":"de"},{"@type":"Organization","@id":"https:\/\/www.kopka-accessories.com\/#organization","name":"Kopka Accessories","url":"https:\/\/www.kopka-accessories.com\/","logo":{"@type":"ImageObject","inLanguage":"de","@id":"https:\/\/www.kopka-accessories.com\/#\/schema\/logo\/image\/","url":"https:\/\/www.kopka-accessories.com\/wp-content\/uploads\/2017\/06\/logo-kopka-accessories-1.png","contentUrl":"https:\/\/www.kopka-accessories.com\/wp-content\/uploads\/2017\/06\/logo-kopka-accessories-1.png","width":640,"height":378,"caption":"Kopka Accessories"},"image":{"@id":"https:\/\/www.kopka-accessories.com\/#\/schema\/logo\/image\/"},"sameAs":["https:\/\/www.instagram.com\/kopka_accessories\/"]}]}},"_links":{"self":[{"href":"https:\/\/www.kopka-accessories.com\/de\/wp-json\/wp\/v2\/pages\/4592"}],"collection":[{"href":"https:\/\/www.kopka-accessories.com\/de\/wp-json\/wp\/v2\/pages"}],"about":[{"href":"https:\/\/www.kopka-accessories.com\/de\/wp-json\/wp\/v2\/types\/page"}],"author":[{"embeddable":true,"href":"https:\/\/www.kopka-accessories.com\/de\/wp-json\/wp\/v2\/users\/1"}],"replies":[{"embeddable":true,"href":"https:\/\/www.kopka-accessories.com\/de\/wp-json\/wp\/v2\/comments?post=4592"}],"version-history":[{"count":4,"href":"https:\/\/www.kopka-accessories.com\/de\/wp-json\/wp\/v2\/pages\/4592\/revisions"}],"predecessor-version":[{"id":4596,"href":"https:\/\/www.kopka-accessories.com\/de\/wp-json\/wp\/v2\/pages\/4592\/revisions\/4596"}],"wp:attachment":[{"href":"https:\/\/www.kopka-accessories.com\/de\/wp-json\/wp\/v2\/media?parent=4592"}],"curies":[{"name":"wp","href":"https:\/\/api.w.org\/{rel}","templated":true}]}}