{"id":7322,"date":"2026-03-26T11:39:50","date_gmt":"2026-03-26T11:39:50","guid":{"rendered":"https:\/\/www.kopka-accessories.com\/farbkatalog\/"},"modified":"2026-03-26T12:18:48","modified_gmt":"2026-03-26T12:18:48","slug":"farbkatalog","status":"publish","type":"page","link":"https:\/\/www.kopka-accessories.com\/de\/farbkatalog\/","title":{"rendered":"Farbkatalog"},"content":{"rendered":"<p class=\"mobile-padding has-large-font-size\"><br><strong>Farbkatalog<\/strong><\/p><p class=\"has-text-align-left mobile-padding has-medium-font-size\"><br>Durchsuchen Sie unseren vollst\u00e4ndigen Farbkatalog an einem Ort. Hier finden Sie alle verf\u00fcgbaren Farbt\u00f6ne \u00fcbersichtlich dargestellt, damit Sie die passende Auswahl treffen k\u00f6nnen. Sie k\u00f6nnen den Katalog direkt online ansehen oder als PDF herunterladen und sp\u00e4ter nutzen.<br>Wenn Sie Hilfe ben\u00f6tigen oder Fragen zu bestimmten Farben haben, kontaktieren Sie uns gerne - wir helfen Ihnen bei der Auswahl.<br><br><\/p><div data-wp-interactive=\"core\/file\" class=\"wp-block-file\"><object data-wp-bind--hidden=\"!state.hasPdfPreview\"  class=\"wp-block-file__embed\" data=\"https:\/\/www.kopka-accessories.com\/wp-content\/uploads\/2026\/03\/Kopka-Accessories-Colour-Chart-1.pdf\" type=\"application\/pdf\" style=\"width:100%;height:700px\" aria-label=\"PDF-Einbettung\"><\/object><\/div><div class=\"wp-block-buttons is-content-justification-left is-nowrap is-layout-flex wp-container-core-buttons-is-layout-1 wp-block-buttons-is-layout-flex\"><div class=\"wp-block-button has-custom-width wp-block-button__width-100 has-custom-font-size mobile-padding\" style=\"font-size:22px;text-transform:none\"><a class=\"wp-block-button__link has-white-color has-black-background-color has-text-color has-background has-link-color wp-element-button\" href=\"https:\/\/www.kopka-accessories.com\/wp-content\/uploads\/2026\/03\/Kopka-Accessories-Colour-Chart-1.pdf\" style=\"border-radius:0px\" rel=\"\"><strong>Download Farbkatalog<\/strong><\/a><\/div><\/div><p>&nbsp;<br><br><\/p>","protected":false},"excerpt":{"rendered":"<p>Farbkatalog Durchsuchen Sie unseren vollst\u00e4ndigen Farbkatalog an einem Ort. Hier finden Sie alle verf\u00fcgbaren Farbt\u00f6ne \u00fcbersichtlich dargestellt, damit Sie die passende Auswahl treffen k\u00f6nnen. Sie k\u00f6nnen den Katalog direkt online ansehen oder als PDF herunterladen und sp\u00e4ter nutzen.Wenn Sie Hilfe ben\u00f6tigen oder Fragen zu bestimmten Farben haben, kontaktieren Sie uns gerne &#8211; wir helfen Ihnen&hellip;<\/p>\n","protected":false},"author":13,"featured_media":0,"parent":0,"menu_order":0,"comment_status":"closed","ping_status":"closed","template":"","meta":{"_acf_changed":false,"footnotes":""},"class_list":["post-7322","page","type-page","status-publish","hentry"],"acf":[],"yoast_head":"<!-- This site is optimized with the Yoast SEO plugin v23.7 - https:\/\/yoast.com\/wordpress\/plugins\/seo\/ -->\n<title>Farbkatalog - Kopka Accessories<\/title>\n<meta name=\"description\" content=\"Kopka Accessories - Farbkatalog -\" \/>\n<meta name=\"robots\" content=\"index, follow, max-snippet:-1, max-image-preview:large, max-video-preview:-1\" \/>\n<link rel=\"canonical\" href=\"https:\/\/www.kopka-accessories.com\/de\/farbkatalog\/\" \/>\n<meta property=\"og:locale\" content=\"de_DE\" \/>\n<meta property=\"og:type\" content=\"article\" \/>\n<meta property=\"og:title\" content=\"Farbkatalog - Kopka Accessories\" \/>\n<meta property=\"og:description\" content=\"Kopka Accessories - Farbkatalog -\" \/>\n<meta property=\"og:url\" content=\"https:\/\/www.kopka-accessories.com\/de\/farbkatalog\/\" \/>\n<meta property=\"og:site_name\" content=\"Kopka Accessories\" \/>\n<meta property=\"article:modified_time\" content=\"2026-03-26T12:18:48+00:00\" \/>\n<meta name=\"twitter:card\" content=\"summary_large_image\" \/>\n<meta name=\"twitter:label1\" content=\"Gesch\u00e4tzte Lesezeit\" \/>\n\t<meta name=\"twitter:data1\" content=\"1\u00a0Minute\" \/>\n<script type=\"application\/ld+json\" class=\"yoast-schema-graph\">{\"@context\":\"https:\/\/schema.org\",\"@graph\":[{\"@type\":\"WebPage\",\"@id\":\"https:\/\/www.kopka-accessories.com\/de\/farbkatalog\/\",\"url\":\"https:\/\/www.kopka-accessories.com\/de\/farbkatalog\/\",\"name\":\"Farbkatalog - Kopka Accessories\",\"isPartOf\":{\"@id\":\"https:\/\/www.kopka-accessories.com\/#website\"},\"datePublished\":\"2026-03-26T11:39:50+00:00\",\"dateModified\":\"2026-03-26T12:18:48+00:00\",\"description\":\"Kopka Accessories - Farbkatalog -\",\"breadcrumb\":{\"@id\":\"https:\/\/www.kopka-accessories.com\/de\/farbkatalog\/#breadcrumb\"},\"inLanguage\":\"de\",\"potentialAction\":[{\"@type\":\"ReadAction\",\"target\":[\"https:\/\/www.kopka-accessories.com\/de\/farbkatalog\/\"]}]},{\"@type\":\"BreadcrumbList\",\"@id\":\"https:\/\/www.kopka-accessories.com\/de\/farbkatalog\/#breadcrumb\",\"itemListElement\":[{\"@type\":\"ListItem\",\"position\":1,\"name\":\"Home\",\"item\":\"https:\/\/www.kopka-accessories.com\/de\/\"},{\"@type\":\"ListItem\",\"position\":2,\"name\":\"Farbkatalog\"}]},{\"@type\":\"WebSite\",\"@id\":\"https:\/\/www.kopka-accessories.com\/#website\",\"url\":\"https:\/\/www.kopka-accessories.com\/\",\"name\":\"Kopka Accessories\",\"description\":\"Minimalist headwear &amp; accessories for everyday use\",\"publisher\":{\"@id\":\"https:\/\/www.kopka-accessories.com\/#organization\"},\"potentialAction\":[{\"@type\":\"SearchAction\",\"target\":{\"@type\":\"EntryPoint\",\"urlTemplate\":\"https:\/\/www.kopka-accessories.com\/?s={search_term_string}\"},\"query-input\":{\"@type\":\"PropertyValueSpecification\",\"valueRequired\":true,\"valueName\":\"search_term_string\"}}],\"inLanguage\":\"de\"},{\"@type\":\"Organization\",\"@id\":\"https:\/\/www.kopka-accessories.com\/#organization\",\"name\":\"Kopka Accessories\",\"url\":\"https:\/\/www.kopka-accessories.com\/\",\"logo\":{\"@type\":\"ImageObject\",\"inLanguage\":\"de\",\"@id\":\"https:\/\/www.kopka-accessories.com\/#\/schema\/logo\/image\/\",\"url\":\"https:\/\/www.kopka-accessories.com\/wp-content\/uploads\/2017\/06\/logo-kopka-accessories-1.png\",\"contentUrl\":\"https:\/\/www.kopka-accessories.com\/wp-content\/uploads\/2017\/06\/logo-kopka-accessories-1.png\",\"width\":640,\"height\":378,\"caption\":\"Kopka Accessories\"},\"image\":{\"@id\":\"https:\/\/www.kopka-accessories.com\/#\/schema\/logo\/image\/\"},\"sameAs\":[\"https:\/\/www.instagram.com\/kopka_accessories\/\"]}]}<\/script>\n<!-- \/ Yoast SEO plugin. -->","yoast_head_json":{"title":"Farbkatalog - Kopka Accessories","description":"Kopka Accessories - Farbkatalog -","robots":{"index":"index","follow":"follow","max-snippet":"max-snippet:-1","max-image-preview":"max-image-preview:large","max-video-preview":"max-video-preview:-1"},"canonical":"https:\/\/www.kopka-accessories.com\/de\/farbkatalog\/","og_locale":"de_DE","og_type":"article","og_title":"Farbkatalog - Kopka Accessories","og_description":"Kopka Accessories - Farbkatalog -","og_url":"https:\/\/www.kopka-accessories.com\/de\/farbkatalog\/","og_site_name":"Kopka Accessories","article_modified_time":"2026-03-26T12:18:48+00:00","twitter_card":"summary_large_image","twitter_misc":{"Gesch\u00e4tzte Lesezeit":"1\u00a0Minute"},"schema":{"@context":"https:\/\/schema.org","@graph":[{"@type":"WebPage","@id":"https:\/\/www.kopka-accessories.com\/de\/farbkatalog\/","url":"https:\/\/www.kopka-accessories.com\/de\/farbkatalog\/","name":"Farbkatalog - Kopka Accessories","isPartOf":{"@id":"https:\/\/www.kopka-accessories.com\/#website"},"datePublished":"2026-03-26T11:39:50+00:00","dateModified":"2026-03-26T12:18:48+00:00","description":"Kopka Accessories - Farbkatalog -","breadcrumb":{"@id":"https:\/\/www.kopka-accessories.com\/de\/farbkatalog\/#breadcrumb"},"inLanguage":"de","potentialAction":[{"@type":"ReadAction","target":["https:\/\/www.kopka-accessories.com\/de\/farbkatalog\/"]}]},{"@type":"BreadcrumbList","@id":"https:\/\/www.kopka-accessories.com\/de\/farbkatalog\/#breadcrumb","itemListElement":[{"@type":"ListItem","position":1,"name":"Home","item":"https:\/\/www.kopka-accessories.com\/de\/"},{"@type":"ListItem","position":2,"name":"Farbkatalog"}]},{"@type":"WebSite","@id":"https:\/\/www.kopka-accessories.com\/#website","url":"https:\/\/www.kopka-accessories.com\/","name":"Kopka Accessories","description":"Minimalist headwear &amp; accessories for everyday use","publisher":{"@id":"https:\/\/www.kopka-accessories.com\/#organization"},"potentialAction":[{"@type":"SearchAction","target":{"@type":"EntryPoint","urlTemplate":"https:\/\/www.kopka-accessories.com\/?s={search_term_string}"},"query-input":{"@type":"PropertyValueSpecification","valueRequired":true,"valueName":"search_term_string"}}],"inLanguage":"de"},{"@type":"Organization","@id":"https:\/\/www.kopka-accessories.com\/#organization","name":"Kopka Accessories","url":"https:\/\/www.kopka-accessories.com\/","logo":{"@type":"ImageObject","inLanguage":"de","@id":"https:\/\/www.kopka-accessories.com\/#\/schema\/logo\/image\/","url":"https:\/\/www.kopka-accessories.com\/wp-content\/uploads\/2017\/06\/logo-kopka-accessories-1.png","contentUrl":"https:\/\/www.kopka-accessories.com\/wp-content\/uploads\/2017\/06\/logo-kopka-accessories-1.png","width":640,"height":378,"caption":"Kopka Accessories"},"image":{"@id":"https:\/\/www.kopka-accessories.com\/#\/schema\/logo\/image\/"},"sameAs":["https:\/\/www.instagram.com\/kopka_accessories\/"]}]}},"_links":{"self":[{"href":"https:\/\/www.kopka-accessories.com\/de\/wp-json\/wp\/v2\/pages\/7322"}],"collection":[{"href":"https:\/\/www.kopka-accessories.com\/de\/wp-json\/wp\/v2\/pages"}],"about":[{"href":"https:\/\/www.kopka-accessories.com\/de\/wp-json\/wp\/v2\/types\/page"}],"author":[{"embeddable":true,"href":"https:\/\/www.kopka-accessories.com\/de\/wp-json\/wp\/v2\/users\/13"}],"replies":[{"embeddable":true,"href":"https:\/\/www.kopka-accessories.com\/de\/wp-json\/wp\/v2\/comments?post=7322"}],"version-history":[{"count":7,"href":"https:\/\/www.kopka-accessories.com\/de\/wp-json\/wp\/v2\/pages\/7322\/revisions"}],"predecessor-version":[{"id":7350,"href":"https:\/\/www.kopka-accessories.com\/de\/wp-json\/wp\/v2\/pages\/7322\/revisions\/7350"}],"wp:attachment":[{"href":"https:\/\/www.kopka-accessories.com\/de\/wp-json\/wp\/v2\/media?parent=7322"}],"curies":[{"name":"wp","href":"https:\/\/api.w.org\/{rel}","templated":true}]}}