{"id":3220,"date":"2019-08-16T11:48:18","date_gmt":"2019-08-16T11:48:18","guid":{"rendered":"https:\/\/www.kopka-accessories.com\/?post_type=product&#038;p=3220"},"modified":"2025-08-26T14:02:22","modified_gmt":"2025-08-26T14:02:22","slug":"stegbaske-felix","status":"publish","type":"product","link":"https:\/\/www.kopka-accessories.com\/de\/product\/stegbaske-felix\/","title":{"rendered":"Stegbaske \"Felix\""},"excerpt":{"rendered":"<p>100% Merino Wolle<\/p>\n<p>Die &#8222;Felix&#8220; Variante hat die Antenne in einer anderen Farbe.<\/p>\n<p>Der obere Teil ist einer Baske sehr \u00e4hnlich, mit dem Nippel in der Kopfmitte. Nach unten jedoch verl\u00e4ngert sich diese M\u00fctze mit einem Steg, den man wahlweise lang lassen, umschlagen, oder aber nach innen hochklappen kann. Das erm\u00f6glicht eine ganze Reihe an Trage-Varianten, die mit der riesigen Farbauswahl zu einem sehr attraktiven Produkt verschmelzen.<\/p>\n","protected":false},"featured_media":6414,"template":"","meta":{"_acf_changed":false},"product_cat":[499],"product_tag":[],"class_list":{"0":"post-3220","1":"product","2":"type-product","3":"status-publish","4":"has-post-thumbnail","6":"product_cat-unkategorisiert","7":"pa_material-wolle","8":"pa_types-baske","10":"first","11":"instock","12":"shipping-taxable","13":"product-type-simple","15":"catalog-layout-default","16":"columns-xs-1"},"acf":[],"yoast_head":"<!-- This site is optimized with the Yoast SEO plugin v23.7 - https:\/\/yoast.com\/wordpress\/plugins\/seo\/ -->\n<title>Stegbaske &quot;Felix&quot; - Kopka Accessories<\/title>\n<meta name=\"description\" content=\"Kopka Accessories - Stegbaske &quot;Felix&quot;\" \/>\n<meta name=\"robots\" content=\"index, follow, max-snippet:-1, max-image-preview:large, max-video-preview:-1\" \/>\n<link rel=\"canonical\" href=\"https:\/\/www.kopka-accessories.com\/de\/product\/stegbaske-felix\/\" \/>\n<meta property=\"og:locale\" content=\"de_DE\" \/>\n<meta property=\"og:type\" content=\"article\" \/>\n<meta property=\"og:title\" content=\"Stegbaske &quot;Felix&quot; - Kopka Accessories\" \/>\n<meta property=\"og:description\" content=\"Kopka Accessories - Stegbaske &quot;Felix&quot;\" \/>\n<meta property=\"og:url\" content=\"https:\/\/www.kopka-accessories.com\/de\/product\/stegbaske-felix\/\" \/>\n<meta property=\"og:site_name\" content=\"Kopka Accessories\" \/>\n<meta property=\"article:modified_time\" content=\"2025-08-26T14:02:22+00:00\" \/>\n<meta property=\"og:image\" content=\"https:\/\/www.kopka-accessories.com\/wp-content\/uploads\/2023\/02\/3wsfemli1.jpg\" \/>\n\t<meta property=\"og:image:width\" content=\"1280\" \/>\n\t<meta property=\"og:image:height\" content=\"854\" \/>\n\t<meta property=\"og:image:type\" content=\"image\/jpeg\" \/>\n<meta name=\"twitter:card\" content=\"summary_large_image\" \/>\n<script type=\"application\/ld+json\" class=\"yoast-schema-graph\">{\"@context\":\"https:\/\/schema.org\",\"@graph\":[{\"@type\":\"WebPage\",\"@id\":\"https:\/\/www.kopka-accessories.com\/de\/product\/stegbaske-felix\/\",\"url\":\"https:\/\/www.kopka-accessories.com\/de\/product\/stegbaske-felix\/\",\"name\":\"Stegbaske \\\"Felix\\\" - Kopka Accessories\",\"isPartOf\":{\"@id\":\"https:\/\/www.kopka-accessories.com\/#website\"},\"primaryImageOfPage\":{\"@id\":\"https:\/\/www.kopka-accessories.com\/de\/product\/stegbaske-felix\/#primaryimage\"},\"image\":{\"@id\":\"https:\/\/www.kopka-accessories.com\/de\/product\/stegbaske-felix\/#primaryimage\"},\"thumbnailUrl\":\"https:\/\/www.kopka-accessories.com\/wp-content\/uploads\/2023\/02\/3wsfemli1.jpg\",\"datePublished\":\"2019-08-16T11:48:18+00:00\",\"dateModified\":\"2025-08-26T14:02:22+00:00\",\"description\":\"Kopka Accessories - Stegbaske \\\"Felix\\\"\",\"breadcrumb\":{\"@id\":\"https:\/\/www.kopka-accessories.com\/de\/product\/stegbaske-felix\/#breadcrumb\"},\"inLanguage\":\"de\",\"potentialAction\":[{\"@type\":\"ReadAction\",\"target\":[\"https:\/\/www.kopka-accessories.com\/de\/product\/stegbaske-felix\/\"]}]},{\"@type\":\"ImageObject\",\"inLanguage\":\"de\",\"@id\":\"https:\/\/www.kopka-accessories.com\/de\/product\/stegbaske-felix\/#primaryimage\",\"url\":\"https:\/\/www.kopka-accessories.com\/wp-content\/uploads\/2023\/02\/3wsfemli1.jpg\",\"contentUrl\":\"https:\/\/www.kopka-accessories.com\/wp-content\/uploads\/2023\/02\/3wsfemli1.jpg\",\"width\":1280,\"height\":854,\"caption\":\"Woll Stegbaske Felix emerald mit limette Docht\"},{\"@type\":\"BreadcrumbList\",\"@id\":\"https:\/\/www.kopka-accessories.com\/de\/product\/stegbaske-felix\/#breadcrumb\",\"itemListElement\":[{\"@type\":\"ListItem\",\"position\":1,\"name\":\"Home\",\"item\":\"https:\/\/www.kopka-accessories.com\/de\/\"},{\"@type\":\"ListItem\",\"position\":2,\"name\":\"St\u00f6bern\",\"item\":\"https:\/\/www.kopka-accessories.com\/de\/browse\/\"},{\"@type\":\"ListItem\",\"position\":3,\"name\":\"Stegbaske \\\"Felix\\\"\"}]},{\"@type\":\"WebSite\",\"@id\":\"https:\/\/www.kopka-accessories.com\/#website\",\"url\":\"https:\/\/www.kopka-accessories.com\/\",\"name\":\"Kopka Accessories\",\"description\":\"Minimalist headwear &amp; accessories for everyday use\",\"publisher\":{\"@id\":\"https:\/\/www.kopka-accessories.com\/#organization\"},\"potentialAction\":[{\"@type\":\"SearchAction\",\"target\":{\"@type\":\"EntryPoint\",\"urlTemplate\":\"https:\/\/www.kopka-accessories.com\/?s={search_term_string}\"},\"query-input\":{\"@type\":\"PropertyValueSpecification\",\"valueRequired\":true,\"valueName\":\"search_term_string\"}}],\"inLanguage\":\"de\"},{\"@type\":\"Organization\",\"@id\":\"https:\/\/www.kopka-accessories.com\/#organization\",\"name\":\"Kopka Accessories\",\"url\":\"https:\/\/www.kopka-accessories.com\/\",\"logo\":{\"@type\":\"ImageObject\",\"inLanguage\":\"de\",\"@id\":\"https:\/\/www.kopka-accessories.com\/#\/schema\/logo\/image\/\",\"url\":\"https:\/\/www.kopka-accessories.com\/wp-content\/uploads\/2017\/06\/logo-kopka-accessories-1.png\",\"contentUrl\":\"https:\/\/www.kopka-accessories.com\/wp-content\/uploads\/2017\/06\/logo-kopka-accessories-1.png\",\"width\":640,\"height\":378,\"caption\":\"Kopka Accessories\"},\"image\":{\"@id\":\"https:\/\/www.kopka-accessories.com\/#\/schema\/logo\/image\/\"},\"sameAs\":[\"https:\/\/www.instagram.com\/kopka_accessories\/\"]}]}<\/script>\n<!-- \/ Yoast SEO plugin. -->","yoast_head_json":{"title":"Stegbaske \"Felix\" - Kopka Accessories","description":"Kopka Accessories - Stegbaske \"Felix\"","robots":{"index":"index","follow":"follow","max-snippet":"max-snippet:-1","max-image-preview":"max-image-preview:large","max-video-preview":"max-video-preview:-1"},"canonical":"https:\/\/www.kopka-accessories.com\/de\/product\/stegbaske-felix\/","og_locale":"de_DE","og_type":"article","og_title":"Stegbaske \"Felix\" - Kopka Accessories","og_description":"Kopka Accessories - Stegbaske \"Felix\"","og_url":"https:\/\/www.kopka-accessories.com\/de\/product\/stegbaske-felix\/","og_site_name":"Kopka Accessories","article_modified_time":"2025-08-26T14:02:22+00:00","og_image":[{"width":1280,"height":854,"url":"https:\/\/www.kopka-accessories.com\/wp-content\/uploads\/2023\/02\/3wsfemli1.jpg","type":"image\/jpeg"}],"twitter_card":"summary_large_image","schema":{"@context":"https:\/\/schema.org","@graph":[{"@type":"WebPage","@id":"https:\/\/www.kopka-accessories.com\/de\/product\/stegbaske-felix\/","url":"https:\/\/www.kopka-accessories.com\/de\/product\/stegbaske-felix\/","name":"Stegbaske \"Felix\" - Kopka Accessories","isPartOf":{"@id":"https:\/\/www.kopka-accessories.com\/#website"},"primaryImageOfPage":{"@id":"https:\/\/www.kopka-accessories.com\/de\/product\/stegbaske-felix\/#primaryimage"},"image":{"@id":"https:\/\/www.kopka-accessories.com\/de\/product\/stegbaske-felix\/#primaryimage"},"thumbnailUrl":"https:\/\/www.kopka-accessories.com\/wp-content\/uploads\/2023\/02\/3wsfemli1.jpg","datePublished":"2019-08-16T11:48:18+00:00","dateModified":"2025-08-26T14:02:22+00:00","description":"Kopka Accessories - Stegbaske \"Felix\"","breadcrumb":{"@id":"https:\/\/www.kopka-accessories.com\/de\/product\/stegbaske-felix\/#breadcrumb"},"inLanguage":"de","potentialAction":[{"@type":"ReadAction","target":["https:\/\/www.kopka-accessories.com\/de\/product\/stegbaske-felix\/"]}]},{"@type":"ImageObject","inLanguage":"de","@id":"https:\/\/www.kopka-accessories.com\/de\/product\/stegbaske-felix\/#primaryimage","url":"https:\/\/www.kopka-accessories.com\/wp-content\/uploads\/2023\/02\/3wsfemli1.jpg","contentUrl":"https:\/\/www.kopka-accessories.com\/wp-content\/uploads\/2023\/02\/3wsfemli1.jpg","width":1280,"height":854,"caption":"Woll Stegbaske Felix emerald mit limette Docht"},{"@type":"BreadcrumbList","@id":"https:\/\/www.kopka-accessories.com\/de\/product\/stegbaske-felix\/#breadcrumb","itemListElement":[{"@type":"ListItem","position":1,"name":"Home","item":"https:\/\/www.kopka-accessories.com\/de\/"},{"@type":"ListItem","position":2,"name":"St\u00f6bern","item":"https:\/\/www.kopka-accessories.com\/de\/browse\/"},{"@type":"ListItem","position":3,"name":"Stegbaske \"Felix\""}]},{"@type":"WebSite","@id":"https:\/\/www.kopka-accessories.com\/#website","url":"https:\/\/www.kopka-accessories.com\/","name":"Kopka Accessories","description":"Minimalist headwear &amp; accessories for everyday use","publisher":{"@id":"https:\/\/www.kopka-accessories.com\/#organization"},"potentialAction":[{"@type":"SearchAction","target":{"@type":"EntryPoint","urlTemplate":"https:\/\/www.kopka-accessories.com\/?s={search_term_string}"},"query-input":{"@type":"PropertyValueSpecification","valueRequired":true,"valueName":"search_term_string"}}],"inLanguage":"de"},{"@type":"Organization","@id":"https:\/\/www.kopka-accessories.com\/#organization","name":"Kopka Accessories","url":"https:\/\/www.kopka-accessories.com\/","logo":{"@type":"ImageObject","inLanguage":"de","@id":"https:\/\/www.kopka-accessories.com\/#\/schema\/logo\/image\/","url":"https:\/\/www.kopka-accessories.com\/wp-content\/uploads\/2017\/06\/logo-kopka-accessories-1.png","contentUrl":"https:\/\/www.kopka-accessories.com\/wp-content\/uploads\/2017\/06\/logo-kopka-accessories-1.png","width":640,"height":378,"caption":"Kopka Accessories"},"image":{"@id":"https:\/\/www.kopka-accessories.com\/#\/schema\/logo\/image\/"},"sameAs":["https:\/\/www.instagram.com\/kopka_accessories\/"]}]}},"_links":{"self":[{"href":"https:\/\/www.kopka-accessories.com\/de\/wp-json\/wp\/v2\/product\/3220"}],"collection":[{"href":"https:\/\/www.kopka-accessories.com\/de\/wp-json\/wp\/v2\/product"}],"about":[{"href":"https:\/\/www.kopka-accessories.com\/de\/wp-json\/wp\/v2\/types\/product"}],"wp:featuredmedia":[{"embeddable":true,"href":"https:\/\/www.kopka-accessories.com\/de\/wp-json\/wp\/v2\/media\/6414"}],"wp:attachment":[{"href":"https:\/\/www.kopka-accessories.com\/de\/wp-json\/wp\/v2\/media?parent=3220"}],"wp:term":[{"taxonomy":"product_cat","embeddable":true,"href":"https:\/\/www.kopka-accessories.com\/de\/wp-json\/wp\/v2\/product_cat?post=3220"},{"taxonomy":"product_tag","embeddable":true,"href":"https:\/\/www.kopka-accessories.com\/de\/wp-json\/wp\/v2\/product_tag?post=3220"}],"curies":[{"name":"wp","href":"https:\/\/api.w.org\/{rel}","templated":true}]}}