{"id":6376,"date":"2023-02-07T14:59:12","date_gmt":"2023-02-07T14:59:12","guid":{"rendered":"https:\/\/www.kopka-accessories.com\/?post_type=product&#038;p=6376"},"modified":"2025-08-26T14:38:49","modified_gmt":"2025-08-26T14:38:49","slug":"alpaka-boucle-schal","status":"publish","type":"product","link":"https:\/\/www.kopka-accessories.com\/de\/product\/alpaka-boucle-schal\/","title":{"rendered":"Boucl\u00e9 Schal \"Shaun\""},"excerpt":{"rendered":"<p>Boucl\u00e9 Schal &#8222;Shaun&#8220;<\/p>\n<p>Unser Boucl\u00e9 Garn &#8222;Shaun&#8220; besteht zu 20% aus Alpaka. Weiterhin 20% Wolle, 50% Acryl und 10% Nylon.<\/p>\n<p>Die Schals sind ca. 30cm breit und 180cm lang. Mit satten 390gr. halten sie wunderbar warm! Reine Alpaka Schals in dieser Gr\u00f6\u00dfe hingegen w\u00e4ren viel zu schwer, um noch als angenehm empfunden zu werden.<\/p>\n","protected":false},"featured_media":6717,"template":"","meta":{"_acf_changed":false},"product_cat":[499],"product_tag":[],"class_list":{"0":"post-6376","1":"product","2":"type-product","3":"status-publish","4":"has-post-thumbnail","6":"product_cat-unkategorisiert","7":"pa_material-diverse","8":"pa_types-schal","10":"first","11":"instock","12":"shipping-taxable","13":"product-type-simple","15":"catalog-layout-default","16":"columns-xs-1"},"acf":[],"yoast_head":"<!-- This site is optimized with the Yoast SEO plugin v23.7 - https:\/\/yoast.com\/wordpress\/plugins\/seo\/ -->\n<title>Boucl\u00e9 Schal &quot;Shaun&quot; - Kopka Accessories<\/title>\n<meta name=\"description\" content=\"Kopka Accessories - Boucl\u00e9 Schal &quot;Shaun&quot;\" \/>\n<meta name=\"robots\" content=\"index, follow, max-snippet:-1, max-image-preview:large, max-video-preview:-1\" \/>\n<link rel=\"canonical\" href=\"https:\/\/www.kopka-accessories.com\/de\/product\/alpaka-boucle-schal\/\" \/>\n<meta property=\"og:locale\" content=\"de_DE\" \/>\n<meta property=\"og:type\" content=\"article\" \/>\n<meta property=\"og:title\" content=\"Boucl\u00e9 Schal &quot;Shaun&quot; - Kopka Accessories\" \/>\n<meta property=\"og:description\" content=\"Kopka Accessories - Boucl\u00e9 Schal &quot;Shaun&quot;\" \/>\n<meta property=\"og:url\" content=\"https:\/\/www.kopka-accessories.com\/de\/product\/alpaka-boucle-schal\/\" \/>\n<meta property=\"og:site_name\" content=\"Kopka Accessories\" \/>\n<meta property=\"article:modified_time\" content=\"2025-08-26T14:38:49+00:00\" \/>\n<meta property=\"og:image\" content=\"https:\/\/www.kopka-accessories.com\/wp-content\/uploads\/2023\/10\/boucle-6.jpg\" \/>\n\t<meta property=\"og:image:width\" content=\"1280\" \/>\n\t<meta property=\"og:image:height\" content=\"1917\" \/>\n\t<meta property=\"og:image:type\" content=\"image\/jpeg\" \/>\n<meta name=\"twitter:card\" content=\"summary_large_image\" \/>\n<script type=\"application\/ld+json\" class=\"yoast-schema-graph\">{\"@context\":\"https:\/\/schema.org\",\"@graph\":[{\"@type\":\"WebPage\",\"@id\":\"https:\/\/www.kopka-accessories.com\/de\/product\/alpaka-boucle-schal\/\",\"url\":\"https:\/\/www.kopka-accessories.com\/de\/product\/alpaka-boucle-schal\/\",\"name\":\"Boucl\u00e9 Schal \\\"Shaun\\\" - Kopka Accessories\",\"isPartOf\":{\"@id\":\"https:\/\/www.kopka-accessories.com\/#website\"},\"primaryImageOfPage\":{\"@id\":\"https:\/\/www.kopka-accessories.com\/de\/product\/alpaka-boucle-schal\/#primaryimage\"},\"image\":{\"@id\":\"https:\/\/www.kopka-accessories.com\/de\/product\/alpaka-boucle-schal\/#primaryimage\"},\"thumbnailUrl\":\"https:\/\/www.kopka-accessories.com\/wp-content\/uploads\/2023\/10\/boucle-6.jpg\",\"datePublished\":\"2023-02-07T14:59:12+00:00\",\"dateModified\":\"2025-08-26T14:38:49+00:00\",\"description\":\"Kopka Accessories - Boucl\u00e9 Schal \\\"Shaun\\\"\",\"breadcrumb\":{\"@id\":\"https:\/\/www.kopka-accessories.com\/de\/product\/alpaka-boucle-schal\/#breadcrumb\"},\"inLanguage\":\"de\",\"potentialAction\":[{\"@type\":\"ReadAction\",\"target\":[\"https:\/\/www.kopka-accessories.com\/de\/product\/alpaka-boucle-schal\/\"]}]},{\"@type\":\"ImageObject\",\"inLanguage\":\"de\",\"@id\":\"https:\/\/www.kopka-accessories.com\/de\/product\/alpaka-boucle-schal\/#primaryimage\",\"url\":\"https:\/\/www.kopka-accessories.com\/wp-content\/uploads\/2023\/10\/boucle-6.jpg\",\"contentUrl\":\"https:\/\/www.kopka-accessories.com\/wp-content\/uploads\/2023\/10\/boucle-6.jpg\",\"width\":1280,\"height\":1917,\"caption\":\"Alpaca Boucl\u00e9 Schal und Beanie in kirsche\"},{\"@type\":\"BreadcrumbList\",\"@id\":\"https:\/\/www.kopka-accessories.com\/de\/product\/alpaka-boucle-schal\/#breadcrumb\",\"itemListElement\":[{\"@type\":\"ListItem\",\"position\":1,\"name\":\"Home\",\"item\":\"https:\/\/www.kopka-accessories.com\/de\/\"},{\"@type\":\"ListItem\",\"position\":2,\"name\":\"St\u00f6bern\",\"item\":\"https:\/\/www.kopka-accessories.com\/de\/browse\/\"},{\"@type\":\"ListItem\",\"position\":3,\"name\":\"Boucl\u00e9 Schal \\\"Shaun\\\"\"}]},{\"@type\":\"WebSite\",\"@id\":\"https:\/\/www.kopka-accessories.com\/#website\",\"url\":\"https:\/\/www.kopka-accessories.com\/\",\"name\":\"Kopka Accessories\",\"description\":\"Minimalist headwear &amp; accessories for everyday use\",\"publisher\":{\"@id\":\"https:\/\/www.kopka-accessories.com\/#organization\"},\"potentialAction\":[{\"@type\":\"SearchAction\",\"target\":{\"@type\":\"EntryPoint\",\"urlTemplate\":\"https:\/\/www.kopka-accessories.com\/?s={search_term_string}\"},\"query-input\":{\"@type\":\"PropertyValueSpecification\",\"valueRequired\":true,\"valueName\":\"search_term_string\"}}],\"inLanguage\":\"de\"},{\"@type\":\"Organization\",\"@id\":\"https:\/\/www.kopka-accessories.com\/#organization\",\"name\":\"Kopka Accessories\",\"url\":\"https:\/\/www.kopka-accessories.com\/\",\"logo\":{\"@type\":\"ImageObject\",\"inLanguage\":\"de\",\"@id\":\"https:\/\/www.kopka-accessories.com\/#\/schema\/logo\/image\/\",\"url\":\"https:\/\/www.kopka-accessories.com\/wp-content\/uploads\/2017\/06\/logo-kopka-accessories-1.png\",\"contentUrl\":\"https:\/\/www.kopka-accessories.com\/wp-content\/uploads\/2017\/06\/logo-kopka-accessories-1.png\",\"width\":640,\"height\":378,\"caption\":\"Kopka Accessories\"},\"image\":{\"@id\":\"https:\/\/www.kopka-accessories.com\/#\/schema\/logo\/image\/\"},\"sameAs\":[\"https:\/\/www.instagram.com\/kopka_accessories\/\"]}]}<\/script>\n<!-- \/ Yoast SEO plugin. -->","yoast_head_json":{"title":"Boucl\u00e9 Schal \"Shaun\" - Kopka Accessories","description":"Kopka Accessories - Boucl\u00e9 Schal \"Shaun\"","robots":{"index":"index","follow":"follow","max-snippet":"max-snippet:-1","max-image-preview":"max-image-preview:large","max-video-preview":"max-video-preview:-1"},"canonical":"https:\/\/www.kopka-accessories.com\/de\/product\/alpaka-boucle-schal\/","og_locale":"de_DE","og_type":"article","og_title":"Boucl\u00e9 Schal \"Shaun\" - Kopka Accessories","og_description":"Kopka Accessories - Boucl\u00e9 Schal \"Shaun\"","og_url":"https:\/\/www.kopka-accessories.com\/de\/product\/alpaka-boucle-schal\/","og_site_name":"Kopka Accessories","article_modified_time":"2025-08-26T14:38:49+00:00","og_image":[{"width":1280,"height":1917,"url":"https:\/\/www.kopka-accessories.com\/wp-content\/uploads\/2023\/10\/boucle-6.jpg","type":"image\/jpeg"}],"twitter_card":"summary_large_image","schema":{"@context":"https:\/\/schema.org","@graph":[{"@type":"WebPage","@id":"https:\/\/www.kopka-accessories.com\/de\/product\/alpaka-boucle-schal\/","url":"https:\/\/www.kopka-accessories.com\/de\/product\/alpaka-boucle-schal\/","name":"Boucl\u00e9 Schal \"Shaun\" - Kopka Accessories","isPartOf":{"@id":"https:\/\/www.kopka-accessories.com\/#website"},"primaryImageOfPage":{"@id":"https:\/\/www.kopka-accessories.com\/de\/product\/alpaka-boucle-schal\/#primaryimage"},"image":{"@id":"https:\/\/www.kopka-accessories.com\/de\/product\/alpaka-boucle-schal\/#primaryimage"},"thumbnailUrl":"https:\/\/www.kopka-accessories.com\/wp-content\/uploads\/2023\/10\/boucle-6.jpg","datePublished":"2023-02-07T14:59:12+00:00","dateModified":"2025-08-26T14:38:49+00:00","description":"Kopka Accessories - Boucl\u00e9 Schal \"Shaun\"","breadcrumb":{"@id":"https:\/\/www.kopka-accessories.com\/de\/product\/alpaka-boucle-schal\/#breadcrumb"},"inLanguage":"de","potentialAction":[{"@type":"ReadAction","target":["https:\/\/www.kopka-accessories.com\/de\/product\/alpaka-boucle-schal\/"]}]},{"@type":"ImageObject","inLanguage":"de","@id":"https:\/\/www.kopka-accessories.com\/de\/product\/alpaka-boucle-schal\/#primaryimage","url":"https:\/\/www.kopka-accessories.com\/wp-content\/uploads\/2023\/10\/boucle-6.jpg","contentUrl":"https:\/\/www.kopka-accessories.com\/wp-content\/uploads\/2023\/10\/boucle-6.jpg","width":1280,"height":1917,"caption":"Alpaca Boucl\u00e9 Schal und Beanie in kirsche"},{"@type":"BreadcrumbList","@id":"https:\/\/www.kopka-accessories.com\/de\/product\/alpaka-boucle-schal\/#breadcrumb","itemListElement":[{"@type":"ListItem","position":1,"name":"Home","item":"https:\/\/www.kopka-accessories.com\/de\/"},{"@type":"ListItem","position":2,"name":"St\u00f6bern","item":"https:\/\/www.kopka-accessories.com\/de\/browse\/"},{"@type":"ListItem","position":3,"name":"Boucl\u00e9 Schal \"Shaun\""}]},{"@type":"WebSite","@id":"https:\/\/www.kopka-accessories.com\/#website","url":"https:\/\/www.kopka-accessories.com\/","name":"Kopka Accessories","description":"Minimalist headwear &amp; accessories for everyday use","publisher":{"@id":"https:\/\/www.kopka-accessories.com\/#organization"},"potentialAction":[{"@type":"SearchAction","target":{"@type":"EntryPoint","urlTemplate":"https:\/\/www.kopka-accessories.com\/?s={search_term_string}"},"query-input":{"@type":"PropertyValueSpecification","valueRequired":true,"valueName":"search_term_string"}}],"inLanguage":"de"},{"@type":"Organization","@id":"https:\/\/www.kopka-accessories.com\/#organization","name":"Kopka Accessories","url":"https:\/\/www.kopka-accessories.com\/","logo":{"@type":"ImageObject","inLanguage":"de","@id":"https:\/\/www.kopka-accessories.com\/#\/schema\/logo\/image\/","url":"https:\/\/www.kopka-accessories.com\/wp-content\/uploads\/2017\/06\/logo-kopka-accessories-1.png","contentUrl":"https:\/\/www.kopka-accessories.com\/wp-content\/uploads\/2017\/06\/logo-kopka-accessories-1.png","width":640,"height":378,"caption":"Kopka Accessories"},"image":{"@id":"https:\/\/www.kopka-accessories.com\/#\/schema\/logo\/image\/"},"sameAs":["https:\/\/www.instagram.com\/kopka_accessories\/"]}]}},"_links":{"self":[{"href":"https:\/\/www.kopka-accessories.com\/de\/wp-json\/wp\/v2\/product\/6376"}],"collection":[{"href":"https:\/\/www.kopka-accessories.com\/de\/wp-json\/wp\/v2\/product"}],"about":[{"href":"https:\/\/www.kopka-accessories.com\/de\/wp-json\/wp\/v2\/types\/product"}],"wp:featuredmedia":[{"embeddable":true,"href":"https:\/\/www.kopka-accessories.com\/de\/wp-json\/wp\/v2\/media\/6717"}],"wp:attachment":[{"href":"https:\/\/www.kopka-accessories.com\/de\/wp-json\/wp\/v2\/media?parent=6376"}],"wp:term":[{"taxonomy":"product_cat","embeddable":true,"href":"https:\/\/www.kopka-accessories.com\/de\/wp-json\/wp\/v2\/product_cat?post=6376"},{"taxonomy":"product_tag","embeddable":true,"href":"https:\/\/www.kopka-accessories.com\/de\/wp-json\/wp\/v2\/product_tag?post=6376"}],"curies":[{"name":"wp","href":"https:\/\/api.w.org\/{rel}","templated":true}]}}