{"id":7215,"date":"2026-02-15T18:27:53","date_gmt":"2026-02-15T18:27:53","guid":{"rendered":"https:\/\/www.kopka-accessories.com\/?post_type=product&#038;p=7215"},"modified":"2026-02-16T08:24:58","modified_gmt":"2026-02-16T08:24:58","slug":"wollen-urban-beret","status":"publish","type":"product","link":"https:\/\/www.kopka-accessories.com\/de\/product\/wollen-urban-beret\/","title":{"rendered":"Wollen Urban Beret"},"excerpt":{"rendered":"<p>100% Merino Wolle<\/p>\n<p data-start=\"0\" data-end=\"160\">Klassische Baskenm\u00fctze mit einem unerwarteten Twist. Der weiche, dezente Schirm verleiht der zeitlosen Silhouette zus\u00e4tzlichen Charakter und Funktionalit\u00e4t. Passend f\u00fcr einen Kopfumfang von <strong data-start=\"195\" data-end=\"207\">57\u201358 cm<\/strong>.<\/p>\n","protected":false},"featured_media":7252,"template":"","meta":{"_acf_changed":false},"product_cat":[499],"product_tag":[],"class_list":{"0":"post-7215","1":"product","2":"type-product","3":"status-publish","4":"has-post-thumbnail","6":"product_cat-unkategorisiert","7":"pa_material-wolle","8":"pa_types-baske","10":"first","11":"instock","12":"shipping-taxable","13":"product-type-simple","15":"catalog-layout-default","16":"columns-xs-1"},"acf":[],"yoast_head":"<!-- This site is optimized with the Yoast SEO plugin v23.7 - https:\/\/yoast.com\/wordpress\/plugins\/seo\/ -->\n<title>Wollen Urban Beret - Kopka Accessories<\/title>\n<meta name=\"description\" content=\"Kopka Accessories - Wollen Urban Beret\" \/>\n<meta name=\"robots\" content=\"index, follow, max-snippet:-1, max-image-preview:large, max-video-preview:-1\" \/>\n<link rel=\"canonical\" href=\"https:\/\/www.kopka-accessories.com\/de\/product\/wollen-urban-beret\/\" \/>\n<meta property=\"og:locale\" content=\"de_DE\" \/>\n<meta property=\"og:type\" content=\"article\" \/>\n<meta property=\"og:title\" content=\"Wollen Urban Beret - Kopka Accessories\" \/>\n<meta property=\"og:description\" content=\"Kopka Accessories - Wollen Urban Beret\" \/>\n<meta property=\"og:url\" content=\"https:\/\/www.kopka-accessories.com\/de\/product\/wollen-urban-beret\/\" \/>\n<meta property=\"og:site_name\" content=\"Kopka Accessories\" \/>\n<meta property=\"article:modified_time\" content=\"2026-02-16T08:24:58+00:00\" \/>\n<meta property=\"og:image\" content=\"https:\/\/www.kopka-accessories.com\/wp-content\/uploads\/2026\/02\/6.png\" \/>\n\t<meta property=\"og:image:width\" content=\"1080\" \/>\n\t<meta property=\"og:image:height\" content=\"1350\" \/>\n\t<meta property=\"og:image:type\" content=\"image\/png\" \/>\n<meta name=\"twitter:card\" content=\"summary_large_image\" \/>\n<meta name=\"twitter:label1\" content=\"Gesch\u00e4tzte Lesezeit\" \/>\n\t<meta name=\"twitter:data1\" content=\"1\u00a0Minute\" \/>\n<script type=\"application\/ld+json\" class=\"yoast-schema-graph\">{\"@context\":\"https:\/\/schema.org\",\"@graph\":[{\"@type\":\"WebPage\",\"@id\":\"https:\/\/www.kopka-accessories.com\/de\/product\/wollen-urban-beret\/\",\"url\":\"https:\/\/www.kopka-accessories.com\/de\/product\/wollen-urban-beret\/\",\"name\":\"Wollen Urban Beret - Kopka Accessories\",\"isPartOf\":{\"@id\":\"https:\/\/www.kopka-accessories.com\/#website\"},\"primaryImageOfPage\":{\"@id\":\"https:\/\/www.kopka-accessories.com\/de\/product\/wollen-urban-beret\/#primaryimage\"},\"image\":{\"@id\":\"https:\/\/www.kopka-accessories.com\/de\/product\/wollen-urban-beret\/#primaryimage\"},\"thumbnailUrl\":\"https:\/\/www.kopka-accessories.com\/wp-content\/uploads\/2026\/02\/IMG-20260217-WA0007.jpg\",\"datePublished\":\"2026-02-15T18:27:53+00:00\",\"dateModified\":\"2026-02-16T08:24:58+00:00\",\"description\":\"Kopka Accessories - Wollen Urban Beret\",\"breadcrumb\":{\"@id\":\"https:\/\/www.kopka-accessories.com\/de\/product\/wollen-urban-beret\/#breadcrumb\"},\"inLanguage\":\"de\",\"potentialAction\":[{\"@type\":\"ReadAction\",\"target\":[\"https:\/\/www.kopka-accessories.com\/de\/product\/wollen-urban-beret\/\"]}]},{\"@type\":\"ImageObject\",\"inLanguage\":\"de\",\"@id\":\"https:\/\/www.kopka-accessories.com\/de\/product\/wollen-urban-beret\/#primaryimage\",\"url\":\"https:\/\/www.kopka-accessories.com\/wp-content\/uploads\/2026\/02\/IMG-20260217-WA0007.jpg\",\"contentUrl\":\"https:\/\/www.kopka-accessories.com\/wp-content\/uploads\/2026\/02\/IMG-20260217-WA0007.jpg\",\"width\":1080,\"height\":1350},{\"@type\":\"BreadcrumbList\",\"@id\":\"https:\/\/www.kopka-accessories.com\/de\/product\/wollen-urban-beret\/#breadcrumb\",\"itemListElement\":[{\"@type\":\"ListItem\",\"position\":1,\"name\":\"Home\",\"item\":\"https:\/\/www.kopka-accessories.com\/de\/\"},{\"@type\":\"ListItem\",\"position\":2,\"name\":\"St\u00f6bern\",\"item\":\"https:\/\/www.kopka-accessories.com\/de\/browse\/\"},{\"@type\":\"ListItem\",\"position\":3,\"name\":\"Wollen Urban Beret\"}]},{\"@type\":\"WebSite\",\"@id\":\"https:\/\/www.kopka-accessories.com\/#website\",\"url\":\"https:\/\/www.kopka-accessories.com\/\",\"name\":\"Kopka Accessories\",\"description\":\"Minimalist headwear &amp; accessories for everyday use\",\"publisher\":{\"@id\":\"https:\/\/www.kopka-accessories.com\/#organization\"},\"potentialAction\":[{\"@type\":\"SearchAction\",\"target\":{\"@type\":\"EntryPoint\",\"urlTemplate\":\"https:\/\/www.kopka-accessories.com\/?s={search_term_string}\"},\"query-input\":{\"@type\":\"PropertyValueSpecification\",\"valueRequired\":true,\"valueName\":\"search_term_string\"}}],\"inLanguage\":\"de\"},{\"@type\":\"Organization\",\"@id\":\"https:\/\/www.kopka-accessories.com\/#organization\",\"name\":\"Kopka Accessories\",\"url\":\"https:\/\/www.kopka-accessories.com\/\",\"logo\":{\"@type\":\"ImageObject\",\"inLanguage\":\"de\",\"@id\":\"https:\/\/www.kopka-accessories.com\/#\/schema\/logo\/image\/\",\"url\":\"https:\/\/www.kopka-accessories.com\/wp-content\/uploads\/2017\/06\/logo-kopka-accessories-1.png\",\"contentUrl\":\"https:\/\/www.kopka-accessories.com\/wp-content\/uploads\/2017\/06\/logo-kopka-accessories-1.png\",\"width\":640,\"height\":378,\"caption\":\"Kopka Accessories\"},\"image\":{\"@id\":\"https:\/\/www.kopka-accessories.com\/#\/schema\/logo\/image\/\"},\"sameAs\":[\"https:\/\/www.instagram.com\/kopka_accessories\/\"]}]}<\/script>\n<!-- \/ Yoast SEO plugin. -->","yoast_head_json":{"title":"Wollen Urban Beret - Kopka Accessories","description":"Kopka Accessories - Wollen Urban Beret","robots":{"index":"index","follow":"follow","max-snippet":"max-snippet:-1","max-image-preview":"max-image-preview:large","max-video-preview":"max-video-preview:-1"},"canonical":"https:\/\/www.kopka-accessories.com\/de\/product\/wollen-urban-beret\/","og_locale":"de_DE","og_type":"article","og_title":"Wollen Urban Beret - Kopka Accessories","og_description":"Kopka Accessories - Wollen Urban Beret","og_url":"https:\/\/www.kopka-accessories.com\/de\/product\/wollen-urban-beret\/","og_site_name":"Kopka Accessories","article_modified_time":"2026-02-16T08:24:58+00:00","og_image":[{"width":1080,"height":1350,"url":"https:\/\/www.kopka-accessories.com\/wp-content\/uploads\/2026\/02\/6.png","type":"image\/png"}],"twitter_card":"summary_large_image","twitter_misc":{"Gesch\u00e4tzte Lesezeit":"1\u00a0Minute"},"schema":{"@context":"https:\/\/schema.org","@graph":[{"@type":"WebPage","@id":"https:\/\/www.kopka-accessories.com\/de\/product\/wollen-urban-beret\/","url":"https:\/\/www.kopka-accessories.com\/de\/product\/wollen-urban-beret\/","name":"Wollen Urban Beret - Kopka Accessories","isPartOf":{"@id":"https:\/\/www.kopka-accessories.com\/#website"},"primaryImageOfPage":{"@id":"https:\/\/www.kopka-accessories.com\/de\/product\/wollen-urban-beret\/#primaryimage"},"image":{"@id":"https:\/\/www.kopka-accessories.com\/de\/product\/wollen-urban-beret\/#primaryimage"},"thumbnailUrl":"https:\/\/www.kopka-accessories.com\/wp-content\/uploads\/2026\/02\/IMG-20260217-WA0007.jpg","datePublished":"2026-02-15T18:27:53+00:00","dateModified":"2026-02-16T08:24:58+00:00","description":"Kopka Accessories - Wollen Urban Beret","breadcrumb":{"@id":"https:\/\/www.kopka-accessories.com\/de\/product\/wollen-urban-beret\/#breadcrumb"},"inLanguage":"de","potentialAction":[{"@type":"ReadAction","target":["https:\/\/www.kopka-accessories.com\/de\/product\/wollen-urban-beret\/"]}]},{"@type":"ImageObject","inLanguage":"de","@id":"https:\/\/www.kopka-accessories.com\/de\/product\/wollen-urban-beret\/#primaryimage","url":"https:\/\/www.kopka-accessories.com\/wp-content\/uploads\/2026\/02\/IMG-20260217-WA0007.jpg","contentUrl":"https:\/\/www.kopka-accessories.com\/wp-content\/uploads\/2026\/02\/IMG-20260217-WA0007.jpg","width":1080,"height":1350},{"@type":"BreadcrumbList","@id":"https:\/\/www.kopka-accessories.com\/de\/product\/wollen-urban-beret\/#breadcrumb","itemListElement":[{"@type":"ListItem","position":1,"name":"Home","item":"https:\/\/www.kopka-accessories.com\/de\/"},{"@type":"ListItem","position":2,"name":"St\u00f6bern","item":"https:\/\/www.kopka-accessories.com\/de\/browse\/"},{"@type":"ListItem","position":3,"name":"Wollen Urban Beret"}]},{"@type":"WebSite","@id":"https:\/\/www.kopka-accessories.com\/#website","url":"https:\/\/www.kopka-accessories.com\/","name":"Kopka Accessories","description":"Minimalist headwear &amp; accessories for everyday use","publisher":{"@id":"https:\/\/www.kopka-accessories.com\/#organization"},"potentialAction":[{"@type":"SearchAction","target":{"@type":"EntryPoint","urlTemplate":"https:\/\/www.kopka-accessories.com\/?s={search_term_string}"},"query-input":{"@type":"PropertyValueSpecification","valueRequired":true,"valueName":"search_term_string"}}],"inLanguage":"de"},{"@type":"Organization","@id":"https:\/\/www.kopka-accessories.com\/#organization","name":"Kopka Accessories","url":"https:\/\/www.kopka-accessories.com\/","logo":{"@type":"ImageObject","inLanguage":"de","@id":"https:\/\/www.kopka-accessories.com\/#\/schema\/logo\/image\/","url":"https:\/\/www.kopka-accessories.com\/wp-content\/uploads\/2017\/06\/logo-kopka-accessories-1.png","contentUrl":"https:\/\/www.kopka-accessories.com\/wp-content\/uploads\/2017\/06\/logo-kopka-accessories-1.png","width":640,"height":378,"caption":"Kopka Accessories"},"image":{"@id":"https:\/\/www.kopka-accessories.com\/#\/schema\/logo\/image\/"},"sameAs":["https:\/\/www.instagram.com\/kopka_accessories\/"]}]}},"_links":{"self":[{"href":"https:\/\/www.kopka-accessories.com\/de\/wp-json\/wp\/v2\/product\/7215"}],"collection":[{"href":"https:\/\/www.kopka-accessories.com\/de\/wp-json\/wp\/v2\/product"}],"about":[{"href":"https:\/\/www.kopka-accessories.com\/de\/wp-json\/wp\/v2\/types\/product"}],"wp:featuredmedia":[{"embeddable":true,"href":"https:\/\/www.kopka-accessories.com\/de\/wp-json\/wp\/v2\/media\/7252"}],"wp:attachment":[{"href":"https:\/\/www.kopka-accessories.com\/de\/wp-json\/wp\/v2\/media?parent=7215"}],"wp:term":[{"taxonomy":"product_cat","embeddable":true,"href":"https:\/\/www.kopka-accessories.com\/de\/wp-json\/wp\/v2\/product_cat?post=7215"},{"taxonomy":"product_tag","embeddable":true,"href":"https:\/\/www.kopka-accessories.com\/de\/wp-json\/wp\/v2\/product_tag?post=7215"}],"curies":[{"name":"wp","href":"https:\/\/api.w.org\/{rel}","templated":true}]}}