{"id":7386,"date":"2026-04-14T10:54:46","date_gmt":"2026-04-14T10:54:53","guid":{"rendered":"https:\/\/www.kopka-accessories.com\/?post_type=product&#038;p=7386"},"modified":"2026-04-14T10:58:50","modified_gmt":"2026-04-14T10:58:50","slug":"baumwoll-rolli-klein","status":"publish","type":"product","link":"https:\/\/www.kopka-accessories.com\/de\/product\/baumwoll-rolli-klein\/","title":{"rendered":"Baumwoll Rolli (Klein)"},"excerpt":{"rendered":"<p>100% Baumwolle<\/p>\n<p><strong>Kleine Version<\/strong><\/p>\n<p>Diese sehr hautvertr\u00e4gliche M\u00fctze liegt am Kopf an und wird im Nacken leicht eingeschlagen. Sie ist auch f\u00fcr alle Outdoor Sportarten die perfekte Wahl, da sie leicht und weich ist und immer wieder gewaschen werden kann. Passt in jede Tasche.<\/p>\n","protected":false},"featured_media":5601,"template":"","meta":{"_acf_changed":false},"product_cat":[499],"product_tag":[],"class_list":{"0":"post-7386","1":"product","2":"type-product","3":"status-publish","4":"has-post-thumbnail","6":"product_cat-unkategorisiert","7":"pa_material-baumwolle","8":"pa_types-muetze","10":"first","11":"instock","12":"shipping-taxable","13":"product-type-simple","15":"catalog-layout-default","16":"columns-xs-1"},"acf":[],"yoast_head":"<!-- This site is optimized with the Yoast SEO plugin v23.7 - https:\/\/yoast.com\/wordpress\/plugins\/seo\/ -->\n<title>Baumwoll Rolli (Klein) - Kopka Accessories<\/title>\n<meta name=\"description\" content=\"Kopka Accessories - Baumwoll Rolli (Klein)\" \/>\n<meta name=\"robots\" content=\"index, follow, max-snippet:-1, max-image-preview:large, max-video-preview:-1\" \/>\n<link rel=\"canonical\" href=\"https:\/\/www.kopka-accessories.com\/de\/product\/baumwoll-rolli-klein\/\" \/>\n<meta property=\"og:locale\" content=\"de_DE\" \/>\n<meta property=\"og:type\" content=\"article\" \/>\n<meta property=\"og:title\" content=\"Baumwoll Rolli (Klein) - Kopka Accessories\" \/>\n<meta property=\"og:description\" content=\"Kopka Accessories - Baumwoll Rolli (Klein)\" \/>\n<meta property=\"og:url\" content=\"https:\/\/www.kopka-accessories.com\/de\/product\/baumwoll-rolli-klein\/\" \/>\n<meta property=\"og:site_name\" content=\"Kopka Accessories\" \/>\n<meta property=\"article:modified_time\" content=\"2026-04-14T10:58:50+00:00\" \/>\n<meta property=\"og:image\" content=\"https:\/\/www.kopka-accessories.com\/wp-content\/uploads\/2022\/01\/Cotton-Beanie-titian-red-3.jpg\" \/>\n\t<meta property=\"og:image:width\" content=\"1280\" \/>\n\t<meta property=\"og:image:height\" content=\"854\" \/>\n\t<meta property=\"og:image:type\" content=\"image\/jpeg\" \/>\n<meta name=\"twitter:card\" content=\"summary_large_image\" \/>\n<meta name=\"twitter:label1\" content=\"Gesch\u00e4tzte Lesezeit\" \/>\n\t<meta name=\"twitter:data1\" content=\"1\u00a0Minute\" \/>\n<script type=\"application\/ld+json\" class=\"yoast-schema-graph\">{\"@context\":\"https:\/\/schema.org\",\"@graph\":[{\"@type\":\"WebPage\",\"@id\":\"https:\/\/www.kopka-accessories.com\/de\/product\/baumwoll-rolli-klein\/\",\"url\":\"https:\/\/www.kopka-accessories.com\/de\/product\/baumwoll-rolli-klein\/\",\"name\":\"Baumwoll Rolli (Klein) - Kopka Accessories\",\"isPartOf\":{\"@id\":\"https:\/\/www.kopka-accessories.com\/#website\"},\"primaryImageOfPage\":{\"@id\":\"https:\/\/www.kopka-accessories.com\/de\/product\/baumwoll-rolli-klein\/#primaryimage\"},\"image\":{\"@id\":\"https:\/\/www.kopka-accessories.com\/de\/product\/baumwoll-rolli-klein\/#primaryimage\"},\"thumbnailUrl\":\"https:\/\/www.kopka-accessories.com\/wp-content\/uploads\/2022\/01\/Cotton-Beanie-titian-red-3.jpg\",\"datePublished\":\"2026-04-14T10:54:53+00:00\",\"dateModified\":\"2026-04-14T10:58:50+00:00\",\"description\":\"Kopka Accessories - Baumwoll Rolli (Klein)\",\"breadcrumb\":{\"@id\":\"https:\/\/www.kopka-accessories.com\/de\/product\/baumwoll-rolli-klein\/#breadcrumb\"},\"inLanguage\":\"de\",\"potentialAction\":[{\"@type\":\"ReadAction\",\"target\":[\"https:\/\/www.kopka-accessories.com\/de\/product\/baumwoll-rolli-klein\/\"]}]},{\"@type\":\"ImageObject\",\"inLanguage\":\"de\",\"@id\":\"https:\/\/www.kopka-accessories.com\/de\/product\/baumwoll-rolli-klein\/#primaryimage\",\"url\":\"https:\/\/www.kopka-accessories.com\/wp-content\/uploads\/2022\/01\/Cotton-Beanie-titian-red-3.jpg\",\"contentUrl\":\"https:\/\/www.kopka-accessories.com\/wp-content\/uploads\/2022\/01\/Cotton-Beanie-titian-red-3.jpg\",\"width\":1280,\"height\":854,\"caption\":\"Baumwoll Beanie bordeaux\"},{\"@type\":\"BreadcrumbList\",\"@id\":\"https:\/\/www.kopka-accessories.com\/de\/product\/baumwoll-rolli-klein\/#breadcrumb\",\"itemListElement\":[{\"@type\":\"ListItem\",\"position\":1,\"name\":\"Home\",\"item\":\"https:\/\/www.kopka-accessories.com\/de\/\"},{\"@type\":\"ListItem\",\"position\":2,\"name\":\"St\u00f6bern\",\"item\":\"https:\/\/www.kopka-accessories.com\/de\/browse\/\"},{\"@type\":\"ListItem\",\"position\":3,\"name\":\"Baumwoll Rolli (Klein)\"}]},{\"@type\":\"WebSite\",\"@id\":\"https:\/\/www.kopka-accessories.com\/#website\",\"url\":\"https:\/\/www.kopka-accessories.com\/\",\"name\":\"Kopka Accessories\",\"description\":\"Minimalist headwear &amp; accessories for everyday use\",\"publisher\":{\"@id\":\"https:\/\/www.kopka-accessories.com\/#organization\"},\"potentialAction\":[{\"@type\":\"SearchAction\",\"target\":{\"@type\":\"EntryPoint\",\"urlTemplate\":\"https:\/\/www.kopka-accessories.com\/?s={search_term_string}\"},\"query-input\":{\"@type\":\"PropertyValueSpecification\",\"valueRequired\":true,\"valueName\":\"search_term_string\"}}],\"inLanguage\":\"de\"},{\"@type\":\"Organization\",\"@id\":\"https:\/\/www.kopka-accessories.com\/#organization\",\"name\":\"Kopka Accessories\",\"url\":\"https:\/\/www.kopka-accessories.com\/\",\"logo\":{\"@type\":\"ImageObject\",\"inLanguage\":\"de\",\"@id\":\"https:\/\/www.kopka-accessories.com\/#\/schema\/logo\/image\/\",\"url\":\"https:\/\/www.kopka-accessories.com\/wp-content\/uploads\/2017\/06\/logo-kopka-accessories-1.png\",\"contentUrl\":\"https:\/\/www.kopka-accessories.com\/wp-content\/uploads\/2017\/06\/logo-kopka-accessories-1.png\",\"width\":640,\"height\":378,\"caption\":\"Kopka Accessories\"},\"image\":{\"@id\":\"https:\/\/www.kopka-accessories.com\/#\/schema\/logo\/image\/\"},\"sameAs\":[\"https:\/\/www.instagram.com\/kopka_accessories\/\"]}]}<\/script>\n<!-- \/ Yoast SEO plugin. -->","yoast_head_json":{"title":"Baumwoll Rolli (Klein) - Kopka Accessories","description":"Kopka Accessories - Baumwoll Rolli (Klein)","robots":{"index":"index","follow":"follow","max-snippet":"max-snippet:-1","max-image-preview":"max-image-preview:large","max-video-preview":"max-video-preview:-1"},"canonical":"https:\/\/www.kopka-accessories.com\/de\/product\/baumwoll-rolli-klein\/","og_locale":"de_DE","og_type":"article","og_title":"Baumwoll Rolli (Klein) - Kopka Accessories","og_description":"Kopka Accessories - Baumwoll Rolli (Klein)","og_url":"https:\/\/www.kopka-accessories.com\/de\/product\/baumwoll-rolli-klein\/","og_site_name":"Kopka Accessories","article_modified_time":"2026-04-14T10:58:50+00:00","og_image":[{"width":1280,"height":854,"url":"https:\/\/www.kopka-accessories.com\/wp-content\/uploads\/2022\/01\/Cotton-Beanie-titian-red-3.jpg","type":"image\/jpeg"}],"twitter_card":"summary_large_image","twitter_misc":{"Gesch\u00e4tzte Lesezeit":"1\u00a0Minute"},"schema":{"@context":"https:\/\/schema.org","@graph":[{"@type":"WebPage","@id":"https:\/\/www.kopka-accessories.com\/de\/product\/baumwoll-rolli-klein\/","url":"https:\/\/www.kopka-accessories.com\/de\/product\/baumwoll-rolli-klein\/","name":"Baumwoll Rolli (Klein) - Kopka Accessories","isPartOf":{"@id":"https:\/\/www.kopka-accessories.com\/#website"},"primaryImageOfPage":{"@id":"https:\/\/www.kopka-accessories.com\/de\/product\/baumwoll-rolli-klein\/#primaryimage"},"image":{"@id":"https:\/\/www.kopka-accessories.com\/de\/product\/baumwoll-rolli-klein\/#primaryimage"},"thumbnailUrl":"https:\/\/www.kopka-accessories.com\/wp-content\/uploads\/2022\/01\/Cotton-Beanie-titian-red-3.jpg","datePublished":"2026-04-14T10:54:53+00:00","dateModified":"2026-04-14T10:58:50+00:00","description":"Kopka Accessories - Baumwoll Rolli (Klein)","breadcrumb":{"@id":"https:\/\/www.kopka-accessories.com\/de\/product\/baumwoll-rolli-klein\/#breadcrumb"},"inLanguage":"de","potentialAction":[{"@type":"ReadAction","target":["https:\/\/www.kopka-accessories.com\/de\/product\/baumwoll-rolli-klein\/"]}]},{"@type":"ImageObject","inLanguage":"de","@id":"https:\/\/www.kopka-accessories.com\/de\/product\/baumwoll-rolli-klein\/#primaryimage","url":"https:\/\/www.kopka-accessories.com\/wp-content\/uploads\/2022\/01\/Cotton-Beanie-titian-red-3.jpg","contentUrl":"https:\/\/www.kopka-accessories.com\/wp-content\/uploads\/2022\/01\/Cotton-Beanie-titian-red-3.jpg","width":1280,"height":854,"caption":"Baumwoll Beanie bordeaux"},{"@type":"BreadcrumbList","@id":"https:\/\/www.kopka-accessories.com\/de\/product\/baumwoll-rolli-klein\/#breadcrumb","itemListElement":[{"@type":"ListItem","position":1,"name":"Home","item":"https:\/\/www.kopka-accessories.com\/de\/"},{"@type":"ListItem","position":2,"name":"St\u00f6bern","item":"https:\/\/www.kopka-accessories.com\/de\/browse\/"},{"@type":"ListItem","position":3,"name":"Baumwoll Rolli (Klein)"}]},{"@type":"WebSite","@id":"https:\/\/www.kopka-accessories.com\/#website","url":"https:\/\/www.kopka-accessories.com\/","name":"Kopka Accessories","description":"Minimalist headwear &amp; accessories for everyday use","publisher":{"@id":"https:\/\/www.kopka-accessories.com\/#organization"},"potentialAction":[{"@type":"SearchAction","target":{"@type":"EntryPoint","urlTemplate":"https:\/\/www.kopka-accessories.com\/?s={search_term_string}"},"query-input":{"@type":"PropertyValueSpecification","valueRequired":true,"valueName":"search_term_string"}}],"inLanguage":"de"},{"@type":"Organization","@id":"https:\/\/www.kopka-accessories.com\/#organization","name":"Kopka Accessories","url":"https:\/\/www.kopka-accessories.com\/","logo":{"@type":"ImageObject","inLanguage":"de","@id":"https:\/\/www.kopka-accessories.com\/#\/schema\/logo\/image\/","url":"https:\/\/www.kopka-accessories.com\/wp-content\/uploads\/2017\/06\/logo-kopka-accessories-1.png","contentUrl":"https:\/\/www.kopka-accessories.com\/wp-content\/uploads\/2017\/06\/logo-kopka-accessories-1.png","width":640,"height":378,"caption":"Kopka Accessories"},"image":{"@id":"https:\/\/www.kopka-accessories.com\/#\/schema\/logo\/image\/"},"sameAs":["https:\/\/www.instagram.com\/kopka_accessories\/"]}]}},"_links":{"self":[{"href":"https:\/\/www.kopka-accessories.com\/de\/wp-json\/wp\/v2\/product\/7386"}],"collection":[{"href":"https:\/\/www.kopka-accessories.com\/de\/wp-json\/wp\/v2\/product"}],"about":[{"href":"https:\/\/www.kopka-accessories.com\/de\/wp-json\/wp\/v2\/types\/product"}],"wp:featuredmedia":[{"embeddable":true,"href":"https:\/\/www.kopka-accessories.com\/de\/wp-json\/wp\/v2\/media\/5601"}],"wp:attachment":[{"href":"https:\/\/www.kopka-accessories.com\/de\/wp-json\/wp\/v2\/media?parent=7386"}],"wp:term":[{"taxonomy":"product_cat","embeddable":true,"href":"https:\/\/www.kopka-accessories.com\/de\/wp-json\/wp\/v2\/product_cat?post=7386"},{"taxonomy":"product_tag","embeddable":true,"href":"https:\/\/www.kopka-accessories.com\/de\/wp-json\/wp\/v2\/product_tag?post=7386"}],"curies":[{"name":"wp","href":"https:\/\/api.w.org\/{rel}","templated":true}]}}